{"id":164,"date":"2019-01-08T01:34:08","date_gmt":"2019-01-08T01:34:08","guid":{"rendered":"http:\/\/imd2015.icom.cust.oxymium.net\/jim-2015\/le-theme-musees-pour-une-societe-durable\/"},"modified":"2019-01-08T01:43:17","modified_gmt":"2019-01-08T01:43:17","slug":"le-theme-musees-pour-une-societe-durable","status":"publish","type":"page","link":"https:\/\/imd2015.mini.icom.museum\/fr\/jim-2015\/le-theme-musees-pour-une-societe-durable\/","title":{"rendered":"Le th\u00e8me: Mus\u00e9es pour une soci\u00e9t\u00e9 durable"},"content":{"rendered":"<div id=\"RTE_CONTENT\"> <!--TYPO3SEARCH_begin--> \t<!--  CONTENT ELEMENT, uid:13978\/text [begin] --> \t\t<\/p>\n<div id=\"c13978\"> \t\t<!--  Text: [begin] --> \t\t\t<\/p>\n<p>L\u2019ICOM choisit chaque ann\u00e9e pour la Journ\u00e9e internationale des mus\u00e9es\u00a0un th\u00e8me qui se situe au c\u0153ur des pr\u00e9occupations de la soci\u00e9t\u00e9. <\/p>\n<p>En 2015, l\u2019\u00e9v\u00e9nement sera c\u00e9l\u00e9br\u00e9 autour du th\u00e8me : Mus\u00e9es pour une soci\u00e9t\u00e9 durable. <\/p>\n<p>De nos jours, l\u2019humanit\u00e9 doit adopter des modes de vie et de d\u00e9veloppement compatibles avec les limites de la nature et de la soci\u00e9t\u00e9. La transition vers un type de soci\u00e9t\u00e9 durable passe par l\u2019invention de nouveaux modes de pens\u00e9e et d\u2019action. Promoteurs du d\u00e9veloppement durable et v\u00e9ritables laboratoires de bonnes pratiques, les mus\u00e9es d\u2019aujourd\u2019hui jouent un r\u00f4le essentiel et doivent affirmer leur position et faire entendre leur voix dans ce contexte.  <\/p>\n<p>Le th\u00e8me <b>Mus\u00e9es pour une soci\u00e9t\u00e9 durable <\/b>reconna\u00eet le r\u00f4le des mus\u00e9es pour transmettre, faire percevoir et sensibiliser le public \u00e0 la n\u00e9cessit\u00e9 d\u2019une soci\u00e9t\u00e9 plus \u00e9conome et solidaire, d\u2019une utilisation des ressources plus mesur\u00e9e et plus respectueuse des syst\u00e8mes vivants.  <\/p>\n<p>En retenant ce concept de soci\u00e9t\u00e9 durable pour l\u2019appliquer aux mus\u00e9es, le th\u00e8me de la Journ\u00e9e internationale des mus\u00e9es\u00a02015 vise \u00e0 favoriser, dans toute la soci\u00e9t\u00e9, une prise de conscience des r\u00e9percussions de l\u2019action de l\u2019Homme sur notre plan\u00e8te et des besoins imp\u00e9ratifs de changer de paradigme environnemental, \u00e9conomique et soci\u00e9tal. <\/p>\n<div><\/div>\n<div><\/div>\n<p> \t\t<!--  Text: [end] --> \t\t\t   \t<!--  \t\tBEGIN: Content of extension \"hpo_relatedlink\", plugin \"tx_hporelatedlink_pi1\"  \t--> \t<\/p>\n<div> \t\t \t<\/div>\n<p> \t \t<!-- END: Content of extension \"hpo_relatedlink\", plugin \"tx_hporelatedlink_pi1\" -->  \t<\/div>\n<p> \t<!--  CONTENT ELEMENT, uid:13978\/text [end] --> \t\t<!--TYPO3SEARCH_end--> <\/div>\n","protected":false},"excerpt":{"rendered":"<p>L\u2019ICOM choisit chaque ann\u00e9e pour la Journ\u00e9e internationale des mus\u00e9es\u00a0un th\u00e8me qui se situe au c\u0153ur des pr\u00e9occupations de la soci\u00e9t\u00e9. En 2015, l\u2019\u00e9v\u00e9nement sera c\u00e9l\u00e9br\u00e9 autour du th\u00e8me : Mus\u00e9es pour une soci\u00e9t\u00e9 durable. De nos jours, l\u2019humanit\u00e9 doit adopter des modes de vie et de d\u00e9veloppement compatibles avec les limites de la nature [&hellip;]<\/p>\n","protected":false},"author":1,"featured_media":0,"parent":127,"menu_order":0,"comment_status":"closed","ping_status":"closed","template":"","meta":{"footnotes":""},"yst_prominent_words":[],"acf":[],"_links":{"self":[{"href":"https:\/\/imd2015.mini.icom.museum\/fr\/wp-json\/wp\/v2\/pages\/164"}],"collection":[{"href":"https:\/\/imd2015.mini.icom.museum\/fr\/wp-json\/wp\/v2\/pages"}],"about":[{"href":"https:\/\/imd2015.mini.icom.museum\/fr\/wp-json\/wp\/v2\/types\/page"}],"author":[{"embeddable":true,"href":"https:\/\/imd2015.mini.icom.museum\/fr\/wp-json\/wp\/v2\/users\/1"}],"replies":[{"embeddable":true,"href":"https:\/\/imd2015.mini.icom.museum\/fr\/wp-json\/wp\/v2\/comments?post=164"}],"version-history":[{"count":1,"href":"https:\/\/imd2015.mini.icom.museum\/fr\/wp-json\/wp\/v2\/pages\/164\/revisions"}],"predecessor-version":[{"id":1429,"href":"https:\/\/imd2015.mini.icom.museum\/fr\/wp-json\/wp\/v2\/pages\/164\/revisions\/1429"}],"up":[{"embeddable":true,"href":"https:\/\/imd2015.mini.icom.museum\/fr\/wp-json\/wp\/v2\/pages\/127"}],"wp:attachment":[{"href":"https:\/\/imd2015.mini.icom.museum\/fr\/wp-json\/wp\/v2\/media?parent=164"}],"wp:term":[{"taxonomy":"yst_prominent_words","embeddable":true,"href":"https:\/\/imd2015.mini.icom.museum\/fr\/wp-json\/wp\/v2\/yst_prominent_words?post=164"}],"curies":[{"name":"wp","href":"https:\/\/api.w.org\/{rel}","templated":true}]}}