{"id":161,"date":"2019-01-08T01:34:04","date_gmt":"2019-01-08T01:34:04","guid":{"rendered":"http:\/\/imd2015.icom.cust.oxymium.net\/la-jim\/a-propos-de-licom\/"},"modified":"2019-01-08T01:43:17","modified_gmt":"2019-01-08T01:43:17","slug":"a-propos-de-licom","status":"publish","type":"page","link":"https:\/\/imd2015.mini.icom.museum\/fr\/la-jim\/a-propos-de-licom\/","title":{"rendered":"\u00c0 propos de l&#8217;ICOM"},"content":{"rendered":"<div id=\"RTE_CONTENT\"> <!--TYPO3SEARCH_begin--> \t<!--  CONTENT ELEMENT, uid:14067\/text [begin] --> \t\t<\/p>\n<div id=\"c14067\"> \t\t<!--  Text: [begin] --> \t\t\t<\/p>\n<p>Cr\u00e9\u00e9 en 1946, le <a href=\"http:\/\/icom.museum\/L\/2\/\" target=\"_blank\"><b>Conseil international des mus\u00e9es (ICOM)<\/b><\/a> est l\u2019organisation internationale des mus\u00e9es et des professionnels des mus\u00e9es. L\u2019ICOM s\u2019engage \u00e0 promouvoir et \u00e0 prot\u00e9ger le patrimoine culturel et naturel, actuel et futur, tangible et intangible. Regroupant plus de 32000 membres r\u00e9partis dans 135 pays, l\u2019ICOM constitue un r\u00e9seau de professionnels des mus\u00e9es et du patrimoine ou de professionnels \u0153uvrant dans des disciplines connexes.\u00a0 <\/p>\n<p>L\u2019ICOM promeut des normes d\u2019excellence dans le domaine mus\u00e9al, en particulier gr\u00e2ce \u00e0 son Code de d\u00e9ontologie pour les mus\u00e9es qui fixe les normes minimales des pratiques professionnelles en mati\u00e8re de gouvernance, d\u2019acquisition et de cession des collections, ainsi que les r\u00e8gles de conduite professionnelle. <\/p>\n<p>Afin de mener \u00e0 bien ses activit\u00e9s, l\u2019ICOM s\u2019associe avec des organisations telles que l\u2019Organisation mondiale de la propri\u00e9t\u00e9 intellectuelle, INTERPOL, l\u2019Organisation mondiale des douanes, l\u2019ICCROM et, partenaires de longue date, poursuit sa collaboration avec l\u2019UNESCO. Parmi les activit\u00e9s de l\u2019ICOM figurent la lutte contre le trafic illicite des biens culturels, la gestion des risques et la pr\u00e9paration aux situations d\u2019urgence pour prot\u00e9ger le patrimoine culturel mondial en cas de catastrophes naturelles ou d\u2019origine humaine. Cr\u00e9\u00e9 en 1946, le Centre d\u2019information mus\u00e9ologique UNESCO-ICOM rassemble la collection la plus compl\u00e8te des <a href=\"http:\/\/icom.museum\/ressources\/base-de-donnees-des-publications\/L\/2\/\" target=\"_blank\">publications de l\u2019ICOM<\/a>, \u00e0 savoir les Nouvelles de l\u2019ICOM, les Listes rouges, les publications des Comit\u00e9s internationaux et les actes de conf\u00e9rences.  <\/p>\n<p>Le travail effectu\u00e9 par les 31 comit\u00e9s internationaux de l\u2019ICOM vient renforcer le souci de l\u2019ICOM de contribuer \u00e0 la valorisation de la culture et de la connaissance. Les comit\u00e9s internationaux sp\u00e9cialis\u00e9s dans une discipline ou un type de collections concourent aux activit\u00e9s de recherche dans leur domaine respectif au profit de la communaut\u00e9 mus\u00e9ale. Les Comit\u00e9s nationaux et internationaux, les Alliances r\u00e9gionales et les Organisations affili\u00e9es organisent des <a href=\"http:\/\/icom.museum\/evenements\/calendrier\/L\/2\/\" target=\"_blank\">conf\u00e9rences et des symposiums<\/a> dans le monde entier autour de th\u00e8mes pr\u00e9d\u00e9finis afin de favoriser les \u00e9changes entre les professionnels de mus\u00e9e de toutes les nationalit\u00e9s. En outre, l\u2019ICOM organise chaque ann\u00e9e la Journ\u00e9e internationale des mus\u00e9es, c\u00e9l\u00e9br\u00e9e le <b>18 mai<\/b> ou autour de cette date, dans le but de sensibiliser le public au r\u00f4le des mus\u00e9es en tant qu\u2019institutions au service de la soci\u00e9t\u00e9 et de son d\u00e9veloppement.  <\/p>\n<p><b>Site web: <\/b><a href=\"http:\/\/icom.museum\/\" title=\"Ouvre un lien externe dans une nouvelle fen\u00eatre\" target=\"_blank\"><b>http:\/\/icom.museum<\/b><\/a><\/p>\n<div><\/div>\n<div><\/div>\n<p> \t\t<!--  Text: [end] --> \t\t\t   \t<!--  \t\tBEGIN: Content of extension \"hpo_relatedlink\", plugin \"tx_hporelatedlink_pi1\"  \t--> \t<\/p>\n<div> \t\t \t<\/div>\n<p> \t \t<!-- END: Content of extension \"hpo_relatedlink\", plugin \"tx_hporelatedlink_pi1\" -->  \t<\/div>\n<p> \t<!--  CONTENT ELEMENT, uid:14067\/text [end] --> \t\t<!--TYPO3SEARCH_end--> <\/div>\n","protected":false},"excerpt":{"rendered":"<p>Cr\u00e9\u00e9 en 1946, le Conseil international des mus\u00e9es (ICOM) est l\u2019organisation internationale des mus\u00e9es et des professionnels des mus\u00e9es. L\u2019ICOM s\u2019engage \u00e0 promouvoir et \u00e0 prot\u00e9ger le patrimoine culturel et naturel, actuel et futur, tangible et intangible. Regroupant plus de 32000 membres r\u00e9partis dans 135 pays, l\u2019ICOM constitue un r\u00e9seau de professionnels des mus\u00e9es et [&hellip;]<\/p>\n","protected":false},"author":1,"featured_media":0,"parent":125,"menu_order":2,"comment_status":"closed","ping_status":"closed","template":"","meta":{"footnotes":""},"yst_prominent_words":[],"acf":[],"_links":{"self":[{"href":"https:\/\/imd2015.mini.icom.museum\/fr\/wp-json\/wp\/v2\/pages\/161"}],"collection":[{"href":"https:\/\/imd2015.mini.icom.museum\/fr\/wp-json\/wp\/v2\/pages"}],"about":[{"href":"https:\/\/imd2015.mini.icom.museum\/fr\/wp-json\/wp\/v2\/types\/page"}],"author":[{"embeddable":true,"href":"https:\/\/imd2015.mini.icom.museum\/fr\/wp-json\/wp\/v2\/users\/1"}],"replies":[{"embeddable":true,"href":"https:\/\/imd2015.mini.icom.museum\/fr\/wp-json\/wp\/v2\/comments?post=161"}],"version-history":[{"count":1,"href":"https:\/\/imd2015.mini.icom.museum\/fr\/wp-json\/wp\/v2\/pages\/161\/revisions"}],"predecessor-version":[{"id":1430,"href":"https:\/\/imd2015.mini.icom.museum\/fr\/wp-json\/wp\/v2\/pages\/161\/revisions\/1430"}],"up":[{"embeddable":true,"href":"https:\/\/imd2015.mini.icom.museum\/fr\/wp-json\/wp\/v2\/pages\/125"}],"wp:attachment":[{"href":"https:\/\/imd2015.mini.icom.museum\/fr\/wp-json\/wp\/v2\/media?parent=161"}],"wp:term":[{"taxonomy":"yst_prominent_words","embeddable":true,"href":"https:\/\/imd2015.mini.icom.museum\/fr\/wp-json\/wp\/v2\/yst_prominent_words?post=161"}],"curies":[{"name":"wp","href":"https:\/\/api.w.org\/{rel}","templated":true}]}}