{"id":158,"date":"2019-01-08T01:34:00","date_gmt":"2019-01-08T01:34:00","guid":{"rendered":"http:\/\/imd2015.icom.cust.oxymium.net\/la-jim\/un-petit-rappel-historique\/"},"modified":"2019-01-08T01:43:17","modified_gmt":"2019-01-08T01:43:17","slug":"un-petit-rappel-historique","status":"publish","type":"page","link":"https:\/\/imd2015.mini.icom.museum\/fr\/la-jim\/un-petit-rappel-historique\/","title":{"rendered":"Un petit rappel historique"},"content":{"rendered":"<div id=\"RTE_CONTENT\"> <!--TYPO3SEARCH_begin--> \t<!--  CONTENT ELEMENT, uid:13977\/text [begin] --> \t\t<\/p>\n<div id=\"c13977\"> \t\t<!--  Header: [begin] --> \t\t\t<\/p>\n<h2>Un petit peu d&#8217;histoire<\/h2>\n<p> \t\t<!--  Header: [end] --> \t\t\t \t\t<!--  Text: [begin] --> \t\t\t<\/p>\n<p><b>La croisade des mus\u00e9es<\/b> <\/p>\n<p>Avant de cr\u00e9er officiellement la Journ\u00e9e internationale des mus\u00e9es, l\u2019ICOM r\u00e9unissait la communaut\u00e9 internationale mus\u00e9ale d\u00e8s 1951 autour d\u2019une r\u00e9union intitul\u00e9 Croisade pour les mus\u00e9es, pour \u00e9changer autour du th\u00e8me \u00ab Mus\u00e9es et Education. \u00bb L\u2019id\u00e9e de la Journ\u00e9e internationale des mus\u00e9es fut inspir\u00e9e par l\u2019id\u00e9e d\u2019accessibilit\u00e9 au mus\u00e9e d\u00e9velopp\u00e9 lors de cette r\u00e9union. <\/p>\n<p>\u00a0<\/p>\n<p><b>La r\u00e9solution de 1977<\/b> <\/p>\n<p>La Journ\u00e9e internationale des mus\u00e9es a \u00e9t\u00e9 officiellement cr\u00e9\u00e9e en 1977 avec l\u2019adoption de la r\u00e9solution lors de l\u2019<a href=\"http:\/\/icom.museum\/la-gouvernance\/assemblee-generale\/resolutions\/moscow-1977\/L\/2\/\" target=\"_blank\">Assembl\u00e9e G\u00e9n\u00e9rale de l\u2019ICOM \u00e0 Moscou<\/a>, Russie pour cr\u00e9er un \u00e9v\u00e8nement annuel \u00ab dans le but d\u2019unifier les aspirations cr\u00e9atives et les efforts des mus\u00e9es afin d\u2019attirer l\u2019attention de la communaut\u00e9 mondiale sur leurs activit\u00e9s. \u00bb La Journ\u00e9e internationale des mus\u00e9es a \u00e9t\u00e9 con\u00e7ue pour transmettre le message que \u00ab les mus\u00e9es sont un moyen important d\u2019\u00e9changes culturels, d\u2019enrichissement des cultures, de d\u00e9veloppement de la compr\u00e9hension mutuelle, de paix et de coop\u00e9ration entre les peuples.\u00a0 <\/p>\n<p>\u00a0<\/p>\n<p><b>F\u00e9d\u00e9rer la communaut\u00e9 autour d\u2019un th\u00e8me<\/b> <\/p>\n<p>Parce que l\u2019\u00e9v\u00e9nement f\u00e9d\u00e8re de plus en plus de mus\u00e9e, et pour toujours plus favoriser la diversit\u00e9 dans l\u2019unit\u00e9, l\u2019ICOM propose pour la premi\u00e8re fois un th\u00e8me en 1992: <a href=\"http:\/\/imd2015.mini.icom.museum\/wp-content\/uploads\/sites\/52\/2019\/01\/1993-2_fr.pdf\" title=\"1993-2_fr.pdf (86 KB)\" target=\"_blank\">Mus\u00e9es et environnement<\/a>. <\/p>\n<p>\u00a0<\/p>\n<p><b>Cr\u00e9er une identit\u00e9 universelle<\/b> <\/p>\n<p>En 1997, l\u2019ICOM lance la premi\u00e8re affiche officielle de l\u2019\u00e9v\u00e9nement autour du th\u00e8me de la lutte contre le trafic illicite des biens culturels. L\u2019affiche est adapt\u00e9e par 28 pays. <\/p>\n<p>\u00a0<\/p>\n<p><b>Renforcer la communication<\/b> <\/p>\n<p>L\u2019ann\u00e9e 2011 marque un tournant pour l\u2019\u00e9v\u00e9nement qui apporte son lot de nouveaut\u00e9s: partenaires institutionnels, site internet, kit de communication. Pour la premi\u00e8re fois, l\u2019ICOM patronne la Nuit europ\u00e9enne des mus\u00e9es, un \u00e9v\u00e8nement qui a lieu chaque ann\u00e9e le samedi le plus proche du 18 mai.\u00a0 <\/p>\n<p>\u00a0<\/p>\n<p>\u00a0<\/p>\n<p> \t\t<!--  Text: [end] --> \t\t\t   \t<!--  \t\tBEGIN: Content of extension \"hpo_relatedlink\", plugin \"tx_hporelatedlink_pi1\"  \t--> \t<\/p>\n<div> \t\t \t<\/div>\n<p> \t \t<!-- END: Content of extension \"hpo_relatedlink\", plugin \"tx_hporelatedlink_pi1\" -->  \t<\/div>\n<p> \t<!--  CONTENT ELEMENT, uid:13977\/text [end] --> \t\t<!--TYPO3SEARCH_end--> <\/div>\n","protected":false},"excerpt":{"rendered":"<p>Un petit peu d&#8217;histoire La croisade des mus\u00e9es Avant de cr\u00e9er officiellement la Journ\u00e9e internationale des mus\u00e9es, l\u2019ICOM r\u00e9unissait la communaut\u00e9 internationale mus\u00e9ale d\u00e8s 1951 autour d\u2019une r\u00e9union intitul\u00e9 Croisade pour les mus\u00e9es, pour \u00e9changer autour du th\u00e8me \u00ab Mus\u00e9es et Education. \u00bb L\u2019id\u00e9e de la Journ\u00e9e internationale des mus\u00e9es fut inspir\u00e9e par l\u2019id\u00e9e d\u2019accessibilit\u00e9 [&hellip;]<\/p>\n","protected":false},"author":1,"featured_media":0,"parent":125,"menu_order":1,"comment_status":"closed","ping_status":"closed","template":"","meta":{"footnotes":""},"yst_prominent_words":[],"acf":[],"_links":{"self":[{"href":"https:\/\/imd2015.mini.icom.museum\/fr\/wp-json\/wp\/v2\/pages\/158"}],"collection":[{"href":"https:\/\/imd2015.mini.icom.museum\/fr\/wp-json\/wp\/v2\/pages"}],"about":[{"href":"https:\/\/imd2015.mini.icom.museum\/fr\/wp-json\/wp\/v2\/types\/page"}],"author":[{"embeddable":true,"href":"https:\/\/imd2015.mini.icom.museum\/fr\/wp-json\/wp\/v2\/users\/1"}],"replies":[{"embeddable":true,"href":"https:\/\/imd2015.mini.icom.museum\/fr\/wp-json\/wp\/v2\/comments?post=158"}],"version-history":[{"count":1,"href":"https:\/\/imd2015.mini.icom.museum\/fr\/wp-json\/wp\/v2\/pages\/158\/revisions"}],"predecessor-version":[{"id":1431,"href":"https:\/\/imd2015.mini.icom.museum\/fr\/wp-json\/wp\/v2\/pages\/158\/revisions\/1431"}],"up":[{"embeddable":true,"href":"https:\/\/imd2015.mini.icom.museum\/fr\/wp-json\/wp\/v2\/pages\/125"}],"wp:attachment":[{"href":"https:\/\/imd2015.mini.icom.museum\/fr\/wp-json\/wp\/v2\/media?parent=158"}],"wp:term":[{"taxonomy":"yst_prominent_words","embeddable":true,"href":"https:\/\/imd2015.mini.icom.museum\/fr\/wp-json\/wp\/v2\/yst_prominent_words?post=158"}],"curies":[{"name":"wp","href":"https:\/\/api.w.org\/{rel}","templated":true}]}}