{"id":1241,"date":"2019-01-08T01:42:27","date_gmt":"2019-01-08T01:42:27","guid":{"rendered":"http:\/\/imd2015.icom.cust.oxymium.net\/archives\/jim-en-2012\/"},"modified":"2019-01-08T01:43:13","modified_gmt":"2019-01-08T01:43:13","slug":"jim-en-2012","status":"publish","type":"page","link":"https:\/\/imd2015.mini.icom.museum\/fr\/archives\/jim-en-2012\/","title":{"rendered":"JIM en 2012"},"content":{"rendered":"<div id=\"RTE_CONTENT\"> <!--TYPO3SEARCH_begin--> \t<!--  CONTENT ELEMENT, uid:11919\/textpic [begin] --> \t\t<\/p>\n<div id=\"c11919\"> \t\t<!--  Image block: [begin] --> \t\t\t<\/p>\n<div>\n<div><img decoding=\"async\" src=\"http:\/\/imd2015.mini.icom.museum\/wp-content\/uploads\/sites\/52\/2019\/01\/AfficheIMD2012-180px_08.jpg\" alt=\"\"><\/div>\n<div> \t\t<!--  Text: [begin] --> \t\t\t<\/p>\n<p>En 2012, le th\u00e8me \u00e9tait <b>&#8220;les mus\u00e9es dans un monde en mouvement. Nouveaux d\u00e9fis, nouvelles inspirations&#8221;\u00a0<\/b> <\/p>\n<p><a href=\"http:\/\/network.icom.museum\/imd2012\/\" title=\"Opens external link in new window\" target=\"_blank\">IMD 2012\u00a0website<\/a><\/p>\n<p> \t\t<!--  Text: [end] --> \t\t\t<\/div>\n<\/p><\/div>\n<div><!-- --><\/div>\n<p> \t\t<!--  Image block: [end] --> \t\t\t   \t<!--  \t\tBEGIN: Content of extension \"hpo_relatedlink\", plugin \"tx_hporelatedlink_pi1\"  \t--> \t<\/p>\n<div> \t\t \t<\/div>\n<p> \t \t<!-- END: Content of extension \"hpo_relatedlink\", plugin \"tx_hporelatedlink_pi1\" -->  \t<\/div>\n<p> \t<!--  CONTENT ELEMENT, uid:11919\/textpic [end] --> \t\t<!--TYPO3SEARCH_end--> <\/div>\n","protected":false},"excerpt":{"rendered":"<p>En 2012, le th\u00e8me \u00e9tait &#8220;les mus\u00e9es dans un monde en mouvement. Nouveaux d\u00e9fis, nouvelles inspirations&#8221;\u00a0 IMD 2012\u00a0website<\/p>\n","protected":false},"author":1,"featured_media":0,"parent":143,"menu_order":2,"comment_status":"closed","ping_status":"closed","template":"","meta":{"footnotes":""},"yst_prominent_words":[],"acf":[],"_links":{"self":[{"href":"https:\/\/imd2015.mini.icom.museum\/fr\/wp-json\/wp\/v2\/pages\/1241"}],"collection":[{"href":"https:\/\/imd2015.mini.icom.museum\/fr\/wp-json\/wp\/v2\/pages"}],"about":[{"href":"https:\/\/imd2015.mini.icom.museum\/fr\/wp-json\/wp\/v2\/types\/page"}],"author":[{"embeddable":true,"href":"https:\/\/imd2015.mini.icom.museum\/fr\/wp-json\/wp\/v2\/users\/1"}],"replies":[{"embeddable":true,"href":"https:\/\/imd2015.mini.icom.museum\/fr\/wp-json\/wp\/v2\/comments?post=1241"}],"version-history":[{"count":1,"href":"https:\/\/imd2015.mini.icom.museum\/fr\/wp-json\/wp\/v2\/pages\/1241\/revisions"}],"predecessor-version":[{"id":1415,"href":"https:\/\/imd2015.mini.icom.museum\/fr\/wp-json\/wp\/v2\/pages\/1241\/revisions\/1415"}],"up":[{"embeddable":true,"href":"https:\/\/imd2015.mini.icom.museum\/fr\/wp-json\/wp\/v2\/pages\/143"}],"wp:attachment":[{"href":"https:\/\/imd2015.mini.icom.museum\/fr\/wp-json\/wp\/v2\/media?parent=1241"}],"wp:term":[{"taxonomy":"yst_prominent_words","embeddable":true,"href":"https:\/\/imd2015.mini.icom.museum\/fr\/wp-json\/wp\/v2\/yst_prominent_words?post=1241"}],"curies":[{"name":"wp","href":"https:\/\/api.w.org\/{rel}","templated":true}]}}