{"id":1214,"date":"2019-01-08T01:42:13","date_gmt":"2019-01-08T01:42:13","guid":{"rendered":"http:\/\/imd2015.icom.cust.oxymium.net\/prochaine-jim\/jim-en-2016\/"},"modified":"2019-01-08T01:43:14","modified_gmt":"2019-01-08T01:43:14","slug":"jim-en-2016","status":"publish","type":"page","link":"https:\/\/imd2015.mini.icom.museum\/fr\/prochaine-jim\/jim-en-2016\/","title":{"rendered":"JIM en 2016"},"content":{"rendered":"<div id=\"RTE_CONTENT\"> <!--TYPO3SEARCH_begin--> \t<!--  CONTENT ELEMENT, uid:14057\/textpic [begin] --> \t\t<\/p>\n<div id=\"c14057\"> \t\t<!--  Image block: [begin] --> \t\t\t<\/p>\n<div>\n<div><img decoding=\"async\" src=\"http:\/\/imd2015.mini.icom.museum\/wp-content\/uploads\/sites\/52\/2019\/01\/Capture_03.JPG\" alt=\"\"><\/div>\n<div> \t\t<!--  Text: [begin] --> \t\t\t<\/p>\n<p>\u00a0En 2016, l&#8217;Italie tiendra une place d&#8217;honneur lors de la Journ\u00e9e internationale des mus\u00e9es puisque la 24e Conf\u00e9rence g\u00e9n\u00e9rale de l&#8217;ICOM se tiendra \u00e0 Milan du 3 au 9 juillet\u00a02016.\u00a0 <\/p>\n<p>A cette occasion, le th\u00e8me de la JIM sera le m\u00eame que la Conf\u00e9rence G\u00e9n\u00e9rale de l&#8217;ICOM \u00e0 savoir: <b>Mus\u00e9es et paysages culturels<\/b>. <\/p>\n<p>N&#8217;h\u00e9sitez pas \u00e0 vous rendre sur <a href=\"http:\/\/network.icom.museum\/icom-milan-2016\/\/\" title=\"Ouvre un lien externe dans une nouvelle fen\u00eatre\" target=\"_blank\">le site Internet de l&#8217;\u00e9v\u00e9nement<\/a>\u00a0pour vous tenir informer de l&#8217;ouverture des inscriptions et des d\u00e9tails du programme de la Conf\u00e9rence.\u00a0 <\/p>\n<p>\u00a0<\/p>\n<p>\u00a0<\/p>\n<p> \t\t<!--  Text: [end] --> \t\t\t<\/div>\n<\/p><\/div>\n<div><!-- --><\/div>\n<p> \t\t<!--  Image block: [end] --> \t\t\t   \t<!--  \t\tBEGIN: Content of extension \"hpo_relatedlink\", plugin \"tx_hporelatedlink_pi1\"  \t--> \t<\/p>\n<div> \t\t \t<\/div>\n<p> \t \t<!-- END: Content of extension \"hpo_relatedlink\", plugin \"tx_hporelatedlink_pi1\" -->  \t<\/div>\n<p> \t<!--  CONTENT ELEMENT, uid:14057\/textpic [end] --> \t\t<!--TYPO3SEARCH_end--> <\/div>\n","protected":false},"excerpt":{"rendered":"<p>\u00a0En 2016, l&#8217;Italie tiendra une place d&#8217;honneur lors de la Journ\u00e9e internationale des mus\u00e9es puisque la 24e Conf\u00e9rence g\u00e9n\u00e9rale de l&#8217;ICOM se tiendra \u00e0 Milan du 3 au 9 juillet\u00a02016.\u00a0 A cette occasion, le th\u00e8me de la JIM sera le m\u00eame que la Conf\u00e9rence G\u00e9n\u00e9rale de l&#8217;ICOM \u00e0 savoir: Mus\u00e9es et paysages culturels. N&#8217;h\u00e9sitez pas [&hellip;]<\/p>\n","protected":false},"author":1,"featured_media":0,"parent":141,"menu_order":0,"comment_status":"closed","ping_status":"closed","template":"","meta":{"footnotes":""},"yst_prominent_words":[],"acf":[],"_links":{"self":[{"href":"https:\/\/imd2015.mini.icom.museum\/fr\/wp-json\/wp\/v2\/pages\/1214"}],"collection":[{"href":"https:\/\/imd2015.mini.icom.museum\/fr\/wp-json\/wp\/v2\/pages"}],"about":[{"href":"https:\/\/imd2015.mini.icom.museum\/fr\/wp-json\/wp\/v2\/types\/page"}],"author":[{"embeddable":true,"href":"https:\/\/imd2015.mini.icom.museum\/fr\/wp-json\/wp\/v2\/users\/1"}],"replies":[{"embeddable":true,"href":"https:\/\/imd2015.mini.icom.museum\/fr\/wp-json\/wp\/v2\/comments?post=1214"}],"version-history":[{"count":1,"href":"https:\/\/imd2015.mini.icom.museum\/fr\/wp-json\/wp\/v2\/pages\/1214\/revisions"}],"predecessor-version":[{"id":1418,"href":"https:\/\/imd2015.mini.icom.museum\/fr\/wp-json\/wp\/v2\/pages\/1214\/revisions\/1418"}],"up":[{"embeddable":true,"href":"https:\/\/imd2015.mini.icom.museum\/fr\/wp-json\/wp\/v2\/pages\/141"}],"wp:attachment":[{"href":"https:\/\/imd2015.mini.icom.museum\/fr\/wp-json\/wp\/v2\/media?parent=1214"}],"wp:term":[{"taxonomy":"yst_prominent_words","embeddable":true,"href":"https:\/\/imd2015.mini.icom.museum\/fr\/wp-json\/wp\/v2\/yst_prominent_words?post=1214"}],"curies":[{"name":"wp","href":"https:\/\/api.w.org\/{rel}","templated":true}]}}