{"id":1205,"date":"2019-01-08T01:42:08","date_gmt":"2019-01-08T01:42:08","guid":{"rendered":"http:\/\/imd2015.icom.cust.oxymium.net\/presse\/communiques-de-presse\/"},"modified":"2019-01-08T01:43:14","modified_gmt":"2019-01-08T01:43:14","slug":"communiques-de-presse","status":"publish","type":"page","link":"https:\/\/imd2015.mini.icom.museum\/fr\/presse\/communiques-de-presse\/","title":{"rendered":"Communiqu\u00e9s de presse"},"content":{"rendered":"<div id=\"RTE_CONTENT\"> <!--TYPO3SEARCH_begin--> \t<!--  CONTENT ELEMENT, uid:14154\/textpic [begin] --> \t\t<\/p>\n<div id=\"c14154\"> \t\t<!--  Image block: [begin] --> \t\t\t<\/p>\n<div> \t\t<!--  Text: [begin] --> \t\t\t<\/p>\n<div>\n<p><span>Lancement de la Journ\u00e9e internationale des mus\u00e9es de 2015 Mus\u00e9es pour une soci\u00e9t\u00e9 durable<\/span> <\/p>\n<p><span><\/span>C\u2019est autour du 18 mai prochain que la communaut\u00e9 mondiale des mus\u00e9es c\u00e9l\u00e9brera la Journ\u00e9e internationale des mus\u00e9es.<\/p>\n<\/p><\/div>\n<div>\n<p>En 2015, le th\u00e8me de la Journ\u00e9e internationale des mus\u00e9es sera \u00ab Mus\u00e9es pour une soci\u00e9t\u00e9 durable \u00bb. Ce th\u00e8me reconna\u00eet le r\u00f4le des mus\u00e9es pour transmettre, faire percevoir et sensibiliser le public \u00e0 la n\u00e9cessit\u00e9 d\u2019une soci\u00e9t\u00e9 plus \u00e9conome et solidaire, d\u2019une utilisation des ressources plus mesur\u00e9e et plus respectueuse des syst\u00e8mes vivants. <\/p>\n<p>Selon M. Hans\u2010Martin Hinz, pr\u00e9sident de l\u2019ICOM : \u00ab Les mus\u00e9es, en tant qu\u2019\u00e9ducateurs et m\u00e9diateurs culturels adoptent un r\u00f4le de plus en plus vital en contribuant \u00e0 la d\u00e9finition du d\u00e9veloppement durable, sa mise en \u0153uvre et ses pratiques. Les mus\u00e9es doivent \u00eatre en mesure de garantir leur r\u00f4le dans la sauvegarde du patrimoine culturel face \u00e0 la pr\u00e9carit\u00e9 croissante des \u00e9cosyst\u00e8mes, \u00e0 des situations d\u2019instabilit\u00e9 politique et aux d\u00e9fis naturels et humains qui peuvent se pr\u00e9senter. Le travail des mus\u00e9es, par l\u2019interm\u00e9diaire de l\u2019\u00e9ducation et d\u2019expositions peut contribuer \u00e0 la cr\u00e9ation d\u2019une soci\u00e9t\u00e9 durable. Nous devons faire tout notre possible pour veiller \u00e0 ce que les mus\u00e9es soient une force motrice du d\u00e9veloppement durable du monde. \u00bb<\/p>\n<\/p><\/div>\n<div>\n<p>Le Conseil international des mus\u00e9es (ICOM) a cr\u00e9\u00e9 en 1977 la Journ\u00e9e internationale des mus\u00e9es afin de sensibiliser le grand public au r\u00f4le des mus\u00e9es dans le d\u00e9veloppement de la soci\u00e9t\u00e9. La manifestation b\u00e9n\u00e9ficie depuis d\u2019une popularit\u00e9 croissante et a r\u00e9uni en 2014 plus de 35 000 mus\u00e9es qui ont relay\u00e9 l\u2019\u00e9v\u00e9nement dans pr\u00e8s de 145 pays. <\/p>\n<p>Lancement de la Journ\u00e9e Internationale des Mus\u00e9es : <a href=\"http:\/\/imd2015.mini.icom.museum\/wp-content\/uploads\/sites\/52\/2019\/01\/IMD2015_press_release_FR.pdf\" title=\"IMD2015_press_release_FR.pdf (128 KB)\">Communiqu\u00e9 de presse<\/a><\/p>\n<\/p><\/div>\n<div><\/div>\n<div>\n<p>Contact presse \u2013\u2010 T\u00e9l. +33 (0)1 47 34 05 00 \u2013 <a href=\"mailto:imd@icom.museum\" title=\"Ouvre une fen\u00eatre pour la r\u00e9daction d'un mail\">imd@icom.museum<\/a><\/p>\n<\/div>\n<p> \t\t<!--  Text: [end] --> \t\t\t<\/div>\n<p> \t\t<!--  Image block: [end] --> \t\t\t   \t<!--  \t\tBEGIN: Content of extension \"hpo_relatedlink\", plugin \"tx_hporelatedlink_pi1\"  \t--> \t<\/p>\n<div> \t\t \t<\/div>\n<p> \t \t<!-- END: Content of extension \"hpo_relatedlink\", plugin \"tx_hporelatedlink_pi1\" -->  \t<\/div>\n<p> \t<!--  CONTENT ELEMENT, uid:14154\/textpic [end] --> \t\t<!--TYPO3SEARCH_end--> <\/div>\n","protected":false},"excerpt":{"rendered":"<p>Lancement de la Journ\u00e9e internationale des mus\u00e9es de 2015 Mus\u00e9es pour une soci\u00e9t\u00e9 durable C\u2019est autour du 18 mai prochain que la communaut\u00e9 mondiale des mus\u00e9es c\u00e9l\u00e9brera la Journ\u00e9e internationale des mus\u00e9es. En 2015, le th\u00e8me de la Journ\u00e9e internationale des mus\u00e9es sera \u00ab Mus\u00e9es pour une soci\u00e9t\u00e9 durable \u00bb. Ce th\u00e8me reconna\u00eet le r\u00f4le [&hellip;]<\/p>\n","protected":false},"author":1,"featured_media":0,"parent":138,"menu_order":0,"comment_status":"closed","ping_status":"closed","template":"","meta":{"footnotes":""},"yst_prominent_words":[],"acf":[],"_links":{"self":[{"href":"https:\/\/imd2015.mini.icom.museum\/fr\/wp-json\/wp\/v2\/pages\/1205"}],"collection":[{"href":"https:\/\/imd2015.mini.icom.museum\/fr\/wp-json\/wp\/v2\/pages"}],"about":[{"href":"https:\/\/imd2015.mini.icom.museum\/fr\/wp-json\/wp\/v2\/types\/page"}],"author":[{"embeddable":true,"href":"https:\/\/imd2015.mini.icom.museum\/fr\/wp-json\/wp\/v2\/users\/1"}],"replies":[{"embeddable":true,"href":"https:\/\/imd2015.mini.icom.museum\/fr\/wp-json\/wp\/v2\/comments?post=1205"}],"version-history":[{"count":1,"href":"https:\/\/imd2015.mini.icom.museum\/fr\/wp-json\/wp\/v2\/pages\/1205\/revisions"}],"predecessor-version":[{"id":1419,"href":"https:\/\/imd2015.mini.icom.museum\/fr\/wp-json\/wp\/v2\/pages\/1205\/revisions\/1419"}],"up":[{"embeddable":true,"href":"https:\/\/imd2015.mini.icom.museum\/fr\/wp-json\/wp\/v2\/pages\/138"}],"wp:attachment":[{"href":"https:\/\/imd2015.mini.icom.museum\/fr\/wp-json\/wp\/v2\/media?parent=1205"}],"wp:term":[{"taxonomy":"yst_prominent_words","embeddable":true,"href":"https:\/\/imd2015.mini.icom.museum\/fr\/wp-json\/wp\/v2\/yst_prominent_words?post=1205"}],"curies":[{"name":"wp","href":"https:\/\/api.w.org\/{rel}","templated":true}]}}