{"id":1193,"date":"2019-01-08T01:41:59","date_gmt":"2019-01-08T01:41:59","guid":{"rendered":"http:\/\/imd2015.icom.cust.oxymium.net\/partenaires\/le-forum-europeen-du-musee\/"},"modified":"2019-01-08T01:43:14","modified_gmt":"2019-01-08T01:43:14","slug":"le-forum-europeen-du-musee","status":"publish","type":"page","link":"https:\/\/imd2015.mini.icom.museum\/fr\/partenaires\/le-forum-europeen-du-musee\/","title":{"rendered":"Le Forum Europ\u00e9en du Mus\u00e9e"},"content":{"rendered":"<div id=\"RTE_CONTENT\"> <!--TYPO3SEARCH_begin--> \t<!--  CONTENT ELEMENT, uid:14007\/textpic [begin] --> \t\t<\/p>\n<div id=\"c14007\"> \t\t<!--  Image block: [begin] --> \t\t\t<\/p>\n<div>\n<div><img decoding=\"async\" src=\"http:\/\/imd2015.mini.icom.museum\/wp-content\/uploads\/sites\/52\/2019\/01\/emyalogo_01.JPG\" alt=\"\"><\/div>\n<div> \t\t<!--  Text: [begin] --> \t\t\t<\/p>\n<p>Cette ann\u00e9e, la remise annuelle\u00a0du Prix du mus\u00e9e\u00a0europ\u00e9en\u00a0de l\u2019ann\u00e9e (EMYA)\u00a0aura lieu lors de l\u2019Assembl\u00e9e annuelle du Forum europ\u00e9en du Mus\u00e9e, qui se tiendra du 13 au 16 mai au Mus\u00e9e Riverside \u00e0 Glasgow (Royaume Uni). <\/p>\n<p>Depuis septembre 2013, l\u2019ICOM collabore avec le Forum europ\u00e9en du mus\u00e9e (EMF) qui organise chaque ann\u00e9e la remise annuelle du Prix du mus\u00e9e\u00a0europ\u00e9en de l\u2019ann\u00e9e, (EMYA). <\/p>\n<p>Cr\u00e9\u00e9e la m\u00eame ann\u00e9e que la Journ\u00e9e internationale des mus\u00e9es, le Prix du Mus\u00e9e europ\u00e9en de l\u2019ann\u00e9e est d\u00e9cern\u00e9 \u00e0 un mus\u00e9e qui a attir\u00e9 et accueilli ses visiteurs gr\u00e2ce \u00e0 des pratiques mus\u00e9ales et des approches innovantes. Il r\u00e9compense les mus\u00e9es dont le d\u00e9veloppement et l\u2019innovation en mati\u00e8re de communication, de pr\u00e9sentation et d\u2019interpr\u00e9tation ont influenc\u00e9 les normes mus\u00e9ales en Europe.\u00a0 <\/p>\n<p>\u00a0<\/p>\n<p>Cet \u00e9v\u00e9nement encourage l\u2019excellence dans les mus\u00e9es europ\u00e9ens et constitue une opportunit\u00e9 de rencontre et de d\u00e9bat autour des probl\u00e9matiques mus\u00e9ales actuelles.\u00a0 <\/p>\n<p>Site internet : <a href=\"http:\/\/www.europeanmuseumforum.info\" target=\"_blank\">http:\/\/www.europeanmuseumforum.info<\/a> <\/p>\n<p>Page Facebook: <a href=\"http:\/\/www.facebook.com\/pages\/European-Museum-Forum\/\" target=\"_blank\">www.facebook.com\/pages\/European-Museum-Forum\/<\/a> <\/p>\n<p>\u00a0<\/p>\n<p>\u00a0<\/p>\n<div><\/div>\n<div><\/div>\n<p> \t\t<!--  Text: [end] --> \t\t\t<\/div>\n<\/p><\/div>\n<div><!-- --><\/div>\n<p> \t\t<!--  Image block: [end] --> \t\t\t   \t<!--  \t\tBEGIN: Content of extension \"hpo_relatedlink\", plugin \"tx_hporelatedlink_pi1\"  \t--> \t<\/p>\n<div> \t\t \t<\/div>\n<p> \t \t<!-- END: Content of extension \"hpo_relatedlink\", plugin \"tx_hporelatedlink_pi1\" -->  \t<\/div>\n<p> \t<!--  CONTENT ELEMENT, uid:14007\/textpic [end] --> \t\t<!--TYPO3SEARCH_end--> <\/div>\n","protected":false},"excerpt":{"rendered":"<p>Cette ann\u00e9e, la remise annuelle\u00a0du Prix du mus\u00e9e\u00a0europ\u00e9en\u00a0de l\u2019ann\u00e9e (EMYA)\u00a0aura lieu lors de l\u2019Assembl\u00e9e annuelle du Forum europ\u00e9en du Mus\u00e9e, qui se tiendra du 13 au 16 mai au Mus\u00e9e Riverside \u00e0 Glasgow (Royaume Uni). Depuis septembre 2013, l\u2019ICOM collabore avec le Forum europ\u00e9en du mus\u00e9e (EMF) qui organise chaque ann\u00e9e la remise annuelle du [&hellip;]<\/p>\n","protected":false},"author":1,"featured_media":0,"parent":135,"menu_order":2,"comment_status":"closed","ping_status":"closed","template":"","meta":{"footnotes":""},"yst_prominent_words":[],"acf":[],"_links":{"self":[{"href":"https:\/\/imd2015.mini.icom.museum\/fr\/wp-json\/wp\/v2\/pages\/1193"}],"collection":[{"href":"https:\/\/imd2015.mini.icom.museum\/fr\/wp-json\/wp\/v2\/pages"}],"about":[{"href":"https:\/\/imd2015.mini.icom.museum\/fr\/wp-json\/wp\/v2\/types\/page"}],"author":[{"embeddable":true,"href":"https:\/\/imd2015.mini.icom.museum\/fr\/wp-json\/wp\/v2\/users\/1"}],"replies":[{"embeddable":true,"href":"https:\/\/imd2015.mini.icom.museum\/fr\/wp-json\/wp\/v2\/comments?post=1193"}],"version-history":[{"count":1,"href":"https:\/\/imd2015.mini.icom.museum\/fr\/wp-json\/wp\/v2\/pages\/1193\/revisions"}],"predecessor-version":[{"id":1420,"href":"https:\/\/imd2015.mini.icom.museum\/fr\/wp-json\/wp\/v2\/pages\/1193\/revisions\/1420"}],"up":[{"embeddable":true,"href":"https:\/\/imd2015.mini.icom.museum\/fr\/wp-json\/wp\/v2\/pages\/135"}],"wp:attachment":[{"href":"https:\/\/imd2015.mini.icom.museum\/fr\/wp-json\/wp\/v2\/media?parent=1193"}],"wp:term":[{"taxonomy":"yst_prominent_words","embeddable":true,"href":"https:\/\/imd2015.mini.icom.museum\/fr\/wp-json\/wp\/v2\/yst_prominent_words?post=1193"}],"curies":[{"name":"wp","href":"https:\/\/api.w.org\/{rel}","templated":true}]}}