{"id":1181,"date":"2019-01-08T01:41:54","date_gmt":"2019-01-08T01:41:54","guid":{"rendered":"http:\/\/imd2015.icom.cust.oxymium.net\/partenaires\/la-nuit-europeenne-des-musees\/"},"modified":"2019-01-08T01:43:15","modified_gmt":"2019-01-08T01:43:15","slug":"la-nuit-europeenne-des-musees","status":"publish","type":"page","link":"https:\/\/imd2015.mini.icom.museum\/fr\/partenaires\/la-nuit-europeenne-des-musees\/","title":{"rendered":"La Nuit europ\u00e9enne des mus\u00e9es"},"content":{"rendered":"<div id=\"RTE_CONTENT\"> <!--TYPO3SEARCH_begin--> \t<!--  CONTENT ELEMENT, uid:14006\/textpic [begin] --> \t\t<\/p>\n<div id=\"c14006\"> \t\t<!--  Image block: [begin] --> \t\t\t<\/p>\n<div>\n<div><a href=\"http:\/\/nuitdesmusees.culturecommunication.gouv.fr\/\" target=\"_blank\"><img decoding=\"async\" src=\"http:\/\/imd2015.mini.icom.museum\/wp-content\/uploads\/sites\/52\/2019\/01\/NuitMusees-2015-2_02.jpg\" alt=\"\"><\/a><\/div>\n<div> \t\t<!--  Text: [begin] --> \t\t\t<\/p>\n<p>Depuis 2011, l&#8217;ICOM accorde son patronage \u00e0 la Nuit europ\u00e9enne des mus\u00e9es, qui a lieu, tous les ans, le samedi le plus proche de la Journ\u00e9e internationale des mus\u00e9es.  <\/p>\n<p>Cette ann\u00e9e, la Nuit europ\u00e9enne des mus\u00e9es sera c\u00e9l\u00e9br\u00e9e dans la nuit du 16 au 17 mai 2015. Cr\u00e9\u00e9e en 2005 par le Minist\u00e8re fran\u00e7ais de la Culture et de la Communication, la Nuit europ\u00e9enne des mus\u00e9es permet aux visiteurs de visiter les mus\u00e9es participants, de nuit, gratuitement, en reculant la contrainte horaire de la fermeture, jusqu&#8217;\u00e0 une heure du matin environ. En accueillant le public la nuit, les mus\u00e9es ouvrent \u00e0 une autre visite de leurs collections, une approche plus sensorielle et insolite.  <\/p>\n<p>L&#8217;an dernier, les mus\u00e9es de 33 pays europ\u00e9ens se sont mobilis\u00e9s pour faire de cette 10\u00e8me \u00e9dition un moment magique pour les tr\u00e8s nombreux noctambules qui avaient r\u00e9pondu pr\u00e9sents. De nombreuses animations sont propos\u00e9es. Un public diff\u00e9rent, plus jeune et familial, participe massivement \u00e0 cet \u00e9v\u00e9nement festif.  <\/p>\n<p><span><a href=\"http:\/\/nuitdesmusees.culturecommunication.gouv.fr\/\" target=\"_blank\">http:\/\/nuitdesmusees.culturecommunication.gouv.fr\/<\/a><\/span><\/p>\n<div><\/div>\n<div><\/div>\n<p> \t\t<!--  Text: [end] --> \t\t\t<\/div>\n<\/p><\/div>\n<div><!-- --><\/div>\n<p> \t\t<!--  Image block: [end] --> \t\t\t   \t<!--  \t\tBEGIN: Content of extension \"hpo_relatedlink\", plugin \"tx_hporelatedlink_pi1\"  \t--> \t<\/p>\n<div> \t\t \t<\/div>\n<p> \t \t<!-- END: Content of extension \"hpo_relatedlink\", plugin \"tx_hporelatedlink_pi1\" -->  \t<\/div>\n<p> \t<!--  CONTENT ELEMENT, uid:14006\/textpic [end] --> \t\t<!--TYPO3SEARCH_end--> <\/div>\n","protected":false},"excerpt":{"rendered":"<p>Depuis 2011, l&#8217;ICOM accorde son patronage \u00e0 la Nuit europ\u00e9enne des mus\u00e9es, qui a lieu, tous les ans, le samedi le plus proche de la Journ\u00e9e internationale des mus\u00e9es. Cette ann\u00e9e, la Nuit europ\u00e9enne des mus\u00e9es sera c\u00e9l\u00e9br\u00e9e dans la nuit du 16 au 17 mai 2015. Cr\u00e9\u00e9e en 2005 par le Minist\u00e8re fran\u00e7ais de [&hellip;]<\/p>\n","protected":false},"author":1,"featured_media":0,"parent":135,"menu_order":1,"comment_status":"closed","ping_status":"closed","template":"","meta":{"footnotes":""},"yst_prominent_words":[],"acf":[],"_links":{"self":[{"href":"https:\/\/imd2015.mini.icom.museum\/fr\/wp-json\/wp\/v2\/pages\/1181"}],"collection":[{"href":"https:\/\/imd2015.mini.icom.museum\/fr\/wp-json\/wp\/v2\/pages"}],"about":[{"href":"https:\/\/imd2015.mini.icom.museum\/fr\/wp-json\/wp\/v2\/types\/page"}],"author":[{"embeddable":true,"href":"https:\/\/imd2015.mini.icom.museum\/fr\/wp-json\/wp\/v2\/users\/1"}],"replies":[{"embeddable":true,"href":"https:\/\/imd2015.mini.icom.museum\/fr\/wp-json\/wp\/v2\/comments?post=1181"}],"version-history":[{"count":1,"href":"https:\/\/imd2015.mini.icom.museum\/fr\/wp-json\/wp\/v2\/pages\/1181\/revisions"}],"predecessor-version":[{"id":1421,"href":"https:\/\/imd2015.mini.icom.museum\/fr\/wp-json\/wp\/v2\/pages\/1181\/revisions\/1421"}],"up":[{"embeddable":true,"href":"https:\/\/imd2015.mini.icom.museum\/fr\/wp-json\/wp\/v2\/pages\/135"}],"wp:attachment":[{"href":"https:\/\/imd2015.mini.icom.museum\/fr\/wp-json\/wp\/v2\/media?parent=1181"}],"wp:term":[{"taxonomy":"yst_prominent_words","embeddable":true,"href":"https:\/\/imd2015.mini.icom.museum\/fr\/wp-json\/wp\/v2\/yst_prominent_words?post=1181"}],"curies":[{"name":"wp","href":"https:\/\/api.w.org\/{rel}","templated":true}]}}