{"id":1166,"date":"2019-01-08T01:41:45","date_gmt":"2019-01-08T01:41:45","guid":{"rendered":"http:\/\/imd2015.icom.cust.oxymium.net\/partagez-votre-programme-dactivites\/"},"modified":"2019-01-08T01:43:15","modified_gmt":"2019-01-08T01:43:15","slug":"partagez-votre-programme-dactivites","status":"publish","type":"page","link":"https:\/\/imd2015.mini.icom.museum\/fr\/for-museums\/partagez-votre-programme-dactivites\/","title":{"rendered":"Partagez votre programme d\u2019activit\u00e9s"},"content":{"rendered":"<div id=\"RTE_CONTENT\"> <!--TYPO3SEARCH_begin--> \t<!--  CONTENT ELEMENT, uid:15395\/text [begin] --> \t\t<\/p>\n<div id=\"c15395\"> \t\t<!--  Text: [begin] --> \t\t\t<\/p>\n<p><span>Mus\u00e9es, partagez vos activit\u00e9s sur notre carte interactive pour la Journ\u00e9e internationale des mus\u00e9es !<\/span> <\/p>\n<p>Gr\u00e2ce \u00e0 un partenariat entre l\u2019ICOM et <b><a href=\"http:\/\/www.semantika.si\/\" target=\"_blank\">Semantika<\/a><\/b>, une interface simplifi\u00e9e et conviviale est d\u00e9sormais accessible aux mus\u00e9es, afin que ceux-ci partagent et diffusent leurs activit\u00e9s et \u00e9v\u00e9nements sur une <b><a href=\"http:\/\/imd2015.icom.cust.oxymium.net\/fr\/la-jim-chez-vous\/la-carte-des-activites-de-la-jim\/\" title=\"Opens internal link in current window\">carte interactive<\/a><\/b> pendant la Journ\u00e9e internationale des mus\u00e9es. <\/p>\n<p><b>Mus\u00e9es, <\/b>rendez visibles au monde entier vos activit\u00e9s pr\u00e9vues pour la Journ\u00e9e internationale des mus\u00e9es en les pla\u00e7ant sur la carte. <br \/>&#8211;\u00a0\u00a0 \u00a0Cr\u00e9ez un compte sur <b><a href=\"http:\/\/imd.museu.ms\/\" target=\"_blank\">http:\/\/imd.museu.ms<\/a><\/b> ou connectez-vous \u00e0 votre compte existant sur Museums.EU ou Museu.ms.<br \/>&#8211;\u00a0\u00a0 \u00a0Trouvez votre mus\u00e9e ou ajoutez des renseignements \u00e0 propos de votre mus\u00e9e si n\u00e9cessaire. <br \/>&#8211;\u00a0\u00a0 \u00a0Choisissez des \u00e9v\u00e9nements ou des expositions et renseignez les d\u00e9tails. <br \/>&#8211;\u00a0\u00a0 \u00a0Appelez-le \u201cIMD2015\u201d afin de le faire figurer sur la carte de la Journ\u00e9e internationale des mus\u00e9es.<br \/>&#8211;\u00a0\u00a0 \u00a0Vous recevrez une confirmation d\u00e8s que le renseignement a \u00e9t\u00e9 valid\u00e9.<br \/>&#8211;\u00a0\u00a0 \u00a0Partagez votre \u00e9v\u00e9nement et d\u00e9cha\u00eenez-vous ! N\u2019oubliez pas d\u2019utiliser le hashtag #MuseumDay ou de mentionner l\u2019ICOM sur les r\u00e9seaux sociaux.  <\/p>\n<p><b>Visiteurs<\/b>, trouvez les activit\u00e9s proches de chez vous lors de la Journ\u00e9e internationale des mus\u00e9es..<\/p>\n<p>&#8211;\u00a0\u00a0 \u00a0Vous pourrez consulter la carte ou une liste compl\u00e8te des activit\u00e9s propos\u00e9es sur <b><a href=\"http:\/\/imd2015.icom.cust.oxymium.net\/fr\/partagez-votre-programme-dactiviteshttp:\/\/imd2015.icom.cust.oxymium.net\/for-museums\/share-your-activities\/international-museum-day-2015\/\/\" title=\"Opens internal link in current window\">http:\/\/imd.icom.museum<\/a><\/b>.<br \/>&#8211;\u00a0\u00a0 \u00a0Effectuez votre recherche par ville ou filtrez-la par type. Vous trouverez bien un \u00e9v\u00e9nement fait pour vous !<br \/>&#8211;\u00a0\u00a0 \u00a0Enfin, partagez vos anecdotes et exp\u00e9riences en utilisant le hashtag #MuseumDay <\/p>\n<p>Ensemble, c\u00e9l\u00e9brez la Journ\u00e9e internationale des mus\u00e9es, dont le th\u00e8me porte sur \u00ab Les mus\u00e9es pour une soci\u00e9t\u00e9 durable \u00bb et qui aura lieu aux alentours du 18 mai 2015.<\/p>\n<p>Avant et durant la Journ\u00e9e internationale des mus\u00e9es, vous serez inform\u00e9s de certaines activit\u00e9s s\u00e9lectionn\u00e9es sur la page <b><a href=\"https:\/\/www.facebook.com\/internationalmuseumday\" target=\"_blank\">Facebook de la Journ\u00e9e<\/a><\/b> et sur le compte <b><a href=\"https:\/\/twitter.com\/IcomOfficiel\" target=\"_blank\">Twitter de l\u2019ICOM<\/a><\/b> <\/p>\n<p>En 1977, l\u2019ICOM cr\u00e9e la Journ\u00e9e internationale des mus\u00e9es afin de sensibiliser davantage le public au r\u00f4le que jouent mus\u00e9es dans le d\u00e9veloppement de la soci\u00e9t\u00e9. Depuis, sa popularit\u00e9 n\u2019a eu de cesse d\u2019augmenter. En 2014, la Journ\u00e9e internationale des mus\u00e9es r\u00e9colte une participation battant tous les records, avec 35,000 mus\u00e9es participants dans 145 pays. <\/p>\n<p>La plate-forme d\u2019enregistrement des \u00e9v\u00e9nements li\u00e9s \u00e0 la Journ\u00e9e internationale des mus\u00e9es a \u00e9t\u00e9 r\u00e9alis\u00e9e par Semantika, fournisseur mondial de solutions IT pour le secteur du patrimoine culturel ayant \u00e0 son actif un nombre record d\u2019innovations technologiques, de design intelligents et d\u2019accords pour des partenariats strat\u00e9giques. Le groupe Semantika est expert dans le d\u00e9veloppement et l\u2019int\u00e9gration des applications web et mobiles, en particulier Museums.EU et Museu.ms, ce qui a permis l\u2019ouverture du patrimoine mondial \u00e0 un public international. <\/p>\n<p><b>Des questions ?<\/b> Ecrivez \u00e0 <b><a href=\"mailto:imd@icom.museum\">imd@icom.museum<\/a><\/b> ou contactez-nous via <b><a href=\"https:\/\/twitter.com\/IcomOfficiel\" target=\"_blank\">Twitter<\/a><\/b> ou <b><a href=\"https:\/\/www.facebook.com\/internationalmuseumday\" target=\"_blank\">Facebook<\/a><\/b>.<\/p>\n<p> \t\t<!--  Text: [end] --> \t\t\t   \t<!--  \t\tBEGIN: Content of extension \"hpo_relatedlink\", plugin \"tx_hporelatedlink_pi1\"  \t--> \t<\/p>\n<div> \t\t \t<\/div>\n<p> \t \t<!-- END: Content of extension \"hpo_relatedlink\", plugin \"tx_hporelatedlink_pi1\" -->  \t<\/div>\n<p> \t<!--  CONTENT ELEMENT, uid:15395\/text [end] --> \t\t<!--TYPO3SEARCH_end--> <\/div>\n","protected":false},"excerpt":{"rendered":"<p>Mus\u00e9es, partagez vos activit\u00e9s sur notre carte interactive pour la Journ\u00e9e internationale des mus\u00e9es ! Gr\u00e2ce \u00e0 un partenariat entre l\u2019ICOM et Semantika, une interface simplifi\u00e9e et conviviale est d\u00e9sormais accessible aux mus\u00e9es, afin que ceux-ci partagent et diffusent leurs activit\u00e9s et \u00e9v\u00e9nements sur une carte interactive pendant la Journ\u00e9e internationale des mus\u00e9es. Mus\u00e9es, rendez [&hellip;]<\/p>\n","protected":false},"author":1,"featured_media":0,"parent":1469,"menu_order":1,"comment_status":"closed","ping_status":"closed","template":"","meta":{"footnotes":""},"yst_prominent_words":[],"acf":[],"_links":{"self":[{"href":"https:\/\/imd2015.mini.icom.museum\/fr\/wp-json\/wp\/v2\/pages\/1166"}],"collection":[{"href":"https:\/\/imd2015.mini.icom.museum\/fr\/wp-json\/wp\/v2\/pages"}],"about":[{"href":"https:\/\/imd2015.mini.icom.museum\/fr\/wp-json\/wp\/v2\/types\/page"}],"author":[{"embeddable":true,"href":"https:\/\/imd2015.mini.icom.museum\/fr\/wp-json\/wp\/v2\/users\/1"}],"replies":[{"embeddable":true,"href":"https:\/\/imd2015.mini.icom.museum\/fr\/wp-json\/wp\/v2\/comments?post=1166"}],"version-history":[{"count":1,"href":"https:\/\/imd2015.mini.icom.museum\/fr\/wp-json\/wp\/v2\/pages\/1166\/revisions"}],"predecessor-version":[{"id":1423,"href":"https:\/\/imd2015.mini.icom.museum\/fr\/wp-json\/wp\/v2\/pages\/1166\/revisions\/1423"}],"up":[{"embeddable":true,"href":"https:\/\/imd2015.mini.icom.museum\/fr\/wp-json\/wp\/v2\/pages\/1469"}],"wp:attachment":[{"href":"https:\/\/imd2015.mini.icom.museum\/fr\/wp-json\/wp\/v2\/media?parent=1166"}],"wp:term":[{"taxonomy":"yst_prominent_words","embeddable":true,"href":"https:\/\/imd2015.mini.icom.museum\/fr\/wp-json\/wp\/v2\/yst_prominent_words?post=1166"}],"curies":[{"name":"wp","href":"https:\/\/api.w.org\/{rel}","templated":true}]}}