{"id":1163,"date":"2019-01-08T01:41:40","date_gmt":"2019-01-08T01:41:40","guid":{"rendered":"http:\/\/imd2015.icom.cust.oxymium.net\/organiser-votre-jim\/"},"modified":"2019-01-08T01:43:15","modified_gmt":"2019-01-08T01:43:15","slug":"organiser-votre-jim","status":"publish","type":"page","link":"https:\/\/imd2015.mini.icom.museum\/fr\/for-museums\/organiser-votre-jim\/","title":{"rendered":"Organiser votre JIM"},"content":{"rendered":"<div id=\"RTE_CONTENT\"> <!--TYPO3SEARCH_begin--> \t<!--  CONTENT ELEMENT, uid:13994\/text [begin] --> \t\t<\/p>\n<div id=\"c13994\"> \t\t<!--  Header: [begin] --> \t\t\t<\/p>\n<h2>Votre r\u00f4le cl\u00e9 <\/h2>\n<p> \t\t<!--  Header: [end] --> \t\t\t \t\t<!--  Text: [begin] --> \t\t\t<\/p>\n<hr>\n<div>\n<p>Pour que la Journ\u00e9e internationale des mus\u00e9es soit \u00e0 la hauteur de ses ambitions, nous avons besoin de vous !\u00a0<\/p>\n<\/div>\n<div><\/div>\n<div>\n<p>Vous \u00eates en effet les ambassadeurs de cette journ\u00e9e : c\u2019est gr\u00e2ce aux activit\u00e9s que vous organisez, et \u00e0 la diffusion de l\u2019information que vous mettez en place que cet \u00e9v\u00e9nement est un succ\u00e8s ann\u00e9e apr\u00e8s ann\u00e9e.<\/p>\n<\/div>\n<div><\/div>\n<div>\n<p>Au-del\u00e0 du programme d\u2019activit\u00e9s que vous mettez en place et qui s\u2019inscrit dans un programme plus vaste, national ou r\u00e9gional, votre contribution est pr\u00e9cieuse pour :<\/p>\n<\/div>\n<div>\n<ul>\n<li> <b>Mettre en place des partenariats<\/b> avec des \u00e9coles, des associations, d\u2019autres mus\u00e9es, etc. afin de promouvoir la manifestation comme un moment d\u2019\u00e9change et de collaboration ;<\/li>\n<\/ul>\n<\/div>\n<div><\/div>\n<div>\n<ul>\n<li> <b>Utiliser et diffuser le mat\u00e9riel graphique cr\u00e9\u00e9 pour l\u2019\u00e9v\u00e9nement<\/b> afin de diffuser l\u2019information de mani\u00e8re plus soutenue dans le monde entier ;\u00a0<\/li>\n<\/ul>\n<\/div>\n<div><\/div>\n<div>\n<ul>\n<li> <b>Relayer l\u2019information<\/b> concernant la JIM aupr\u00e8s du public par le biais de votre espace web (site Internet, r\u00e9seaux sociaux)<\/li>\n<\/ul>\n<\/div>\n<div><\/div>\n<div>\n<ul>\n<li> <b>Envoyer un communiqu\u00e9 de presse\u00a0<\/b>sur la JIM aux m\u00e9dias ou organiser une conf\u00e9rence de presse afin de garantir la visibilit\u00e9 de votre mus\u00e9e et de l\u2019\u00e9v\u00e9nement ;<\/li>\n<\/ul>\n<\/div>\n<div><\/div>\n<div>\n<ul>\n<li> <b>B\u00e9n\u00e9ficier d\u2019une visibilit\u00e9 \u00e0 l\u2019\u00e9chelle internationale sur vos activit\u00e9s<\/b> avant et apr\u00e8s l\u2019\u00e9v\u00e8nement \u00a0en partageant vos activit\u00e9s pour la JIM au Secr\u00e9tariat g\u00e9n\u00e9rale de l\u2019ICOM, nous les diffuserons \u00e0 travers le r\u00e9seau de l\u2019ICOM, les r\u00e9seaux sociaux et sur notre site web d\u00e9di\u00e9. Cela nous permet aussi de constituer des archives d\u2019ann\u00e9e en ann\u00e9e.<\/li>\n<\/ul>\n<\/div>\n<div><\/div>\n<p> \t\t<!--  Text: [end] --> \t\t\t   \t<!--  \t\tBEGIN: Content of extension \"hpo_relatedlink\", plugin \"tx_hporelatedlink_pi1\"  \t--> \t<\/p>\n<div> \t\t \t<\/div>\n<p> \t \t<!-- END: Content of extension \"hpo_relatedlink\", plugin \"tx_hporelatedlink_pi1\" -->  \t<\/div>\n<p> \t<!--  CONTENT ELEMENT, uid:13994\/text [end] --> \t\t \t<!--  CONTENT ELEMENT, uid:13993\/text [begin] --> \t\t<\/p>\n<div id=\"c13993\"> \t\t<!--  Header: [begin] --> \t\t\t<\/p>\n<h2>Suivez les \u00e9tapes<\/h2>\n<p> \t\t<!--  Header: [end] --> \t\t\t \t\t<!--  Text: [begin] --> \t\t\t<\/p>\n<hr>\n<div>\n<p>La <b>Journ\u00e9e internationale des mus\u00e9es<\/b> attire l\u2019attention du grand public et les professionnels des mus\u00e9es. Nous esp\u00e9rons que vous allez planifier votre propre activit\u00e9\u00a0en suivant les principes g\u00e9n\u00e9raux de la Journ\u00e9e internationale des mus\u00e9es. Les programmes\u00a0\u00a0pr\u00e9c\u00e9dentes de la JIM, qu\u2019il soit original ou conventionnel, avec un budget limit\u00e9 ou avec une port\u00e9e g\u00e9n\u00e9rale, vous sera une source d\u2019inspirations pour vos propres pr\u00e9parations pour la JIM.\u00a0 <\/p>\n<p>\u00a0<\/p>\n<p>Nous vous recommandons de suivre les 8 \u00e9tapes suivantes : <\/p>\n<p>\u00a0<\/p>\n<p><b>1.<span>\t<\/span>Cibler un public pr\u00e9cis<\/b> <\/p>\n<p>Visiteurs r\u00e9guliers ? Un\u00a0nouveau public ? Des personnes socialement d\u00e9favoris\u00e9es ? Un public sp\u00e9cifique : enfants, adolescents, personnes \u00e2g\u00e9es, personnes handicap\u00e9es etc..? \u00a0Vous trouverez dans ce document des exemples d\u2019activit\u00e9s <img decoding=\"async\" src=\"http:\/\/imd2015.mini.icom.museum\/wp-content\/uploads\/sites\/52\/2019\/01\/RTEmagicC_pdf_txdam11730_70c5b7.gif.gif\" alt=\"\"> qui ciblent diff\u00e9rents publics.\u00a0 <\/p>\n<p><b>2.<span>\t<\/span>D\u00e9finir ses objectifs<\/b> <\/p>\n<p>Toucher un nouveau public ? Attirer diff\u00e9rents\u00a0types de visiteurs ? Am\u00e9liorer la visibilit\u00e9 du mus\u00e9e ? Mettre en avant votre affiliation \u00e0 la communaut\u00e9 des mus\u00e9es ? Vous\u00a0faire entendre des autorit\u00e9s publiques ? Se faire conna\u00eetre de partenaires potentiels ? <\/p>\n<p><b>3.<span>\t<\/span>Comment votre mus\u00e9e se positionne-t-il ?<\/b> <\/p>\n<p>Les objectifs que vous d\u00e9finissez peuvent \u00e9galement \u00eatre li\u00e9s au positionnement de votre mus\u00e9e. La Journ\u00e9e internationale des mus\u00e9es permet de montrer l\u2019importance des mus\u00e9es dans la soci\u00e9t\u00e9 et d\u2019en souligner les diff\u00e9rentes facettes. Il s\u2019agit donc de trouver le positionnement qui convient le mieux \u00e0 votre institution : mus\u00e9e innovateur ? Mus\u00e9e \u00e0 l\u2019\u00e9coute des probl\u00e9matiques sociales ? Mus\u00e9e dynamique ? Mus\u00e9e en contact avec son public ? Mus\u00e9e vecteur de tourisme ? <\/p>\n<p><b>4.<span>\t<\/span>Etablir des partenariats institutionnels et du m\u00e9c\u00e9nat<\/b> <\/p>\n<p>La Journ\u00e9e internationale des mus\u00e9es est l\u2019occasion de cr\u00e9er des partenariats \u00e0 l\u2019\u00e9chelle locale, nationale ou internationale concernant des collections, de la m\u00e9diation ou des financements. La collaboration peut \u00eatre mise en \u0153uvre avec d\u2019autres professionnels des mus\u00e9es, des mus\u00e9es, des associations, des entreprises priv\u00e9es et plus encore.\u00a0 <\/p>\n<p><b>5.<span>\t<\/span>D\u00e9velopper un budget pr\u00e9cis<\/b> <\/p>\n<p>La Journ\u00e9e internationale des mus\u00e9es peut \u00eatre organis\u00e9e dans une structure de grande taille comme dans des petites institutions. Les moyens humains et financiers mis au service de l\u2019\u00e9v\u00e9nement d\u00e9pendront \u00e9galement du rayonnement que vous souhaitez donner \u00e0 la manifestation. <\/p>\n<p><b>6.<span>\t<\/span>Cr\u00e9er un programme inattendu<\/b> <\/p>\n<p>Dans le <a href=\"http:\/\/imd2015.mini.icom.museum\/wp-content\/uploads\/sites\/52\/2019\/01\/IMD2015-2_musees_kit_FR.pdf\" title=\"IMD2015-2_musees_kit_FR.pdf (1.0 MB)\"><b>Kit pour les mus\u00e9es<\/b><\/a> <img decoding=\"async\" src=\"http:\/\/imd2015.mini.icom.museum\/wp-content\/uploads\/sites\/52\/2019\/01\/RTEmagicC_pdf_txdam11730_70c5b7.gif.gif\" alt=\"\">, nous allons vous donner quelques id\u00e9es avec des exemples d\u2019activit\u00e9s r\u00e9ussis lors de pr\u00e9c\u00e9dentes \u00e9ditions de la\u00a0Journ\u00e9e international des mus\u00e9es. Un programme d\u2019activit\u00e9 inattendu est la cl\u00e9 de votre succ\u00e9s ! <\/p>\n<p><b>7.<span>\t<\/span>Elaborer une strat\u00e9gie de communication et de promotion<\/b> <\/p>\n<p>Nous avons d\u00e9velopp\u00e9 un ensemble d\u2019outils de communication pour vous aider \u00e0 mettre en \u0153uvre votre strat\u00e9gie. L\u2019ICOM et son r\u00e9seau peut \u00e9galement \u00eatre un de vos moyens de communication.\u00a0 <\/p>\n<p><b>8.<span>\tF<\/span>aire un bilan\u00a0l\u2019\u00e9v\u00e9nement ?<\/b> <\/p>\n<p>Il est important d\u2019\u00e9valuer le succ\u00e8s de votre Journ\u00e9e internationale des mus\u00e9es et son impact. Il s\u2019agit donc de d\u00e9finir des crit\u00e8res de succ\u00e8s, en fonction des objectifs d\u00e9finis. Par exemple : nombre de visiteurs, cr\u00e9ation de partenariats de longue dur\u00e9e, nombre d\u2019articles dans la presse\u2026\u00a0<\/p>\n<\/p><\/div>\n<div><\/div>\n<p> \t\t<!--  Text: [end] --> \t\t\t   \t<!--  \t\tBEGIN: Content of extension \"hpo_relatedlink\", plugin \"tx_hporelatedlink_pi1\"  \t--> \t<\/p>\n<div> \t\t \t<\/div>\n<p> \t \t<!-- END: Content of extension \"hpo_relatedlink\", plugin \"tx_hporelatedlink_pi1\" -->  \t<\/div>\n<p> \t<!--  CONTENT ELEMENT, uid:13993\/text [end] --> \t\t \t<!--  CONTENT ELEMENT, uid:13995\/text [begin] --> \t\t<\/p>\n<div id=\"c13995\"> \t\t<!--  Header: [begin] --> \t\t\t<\/p>\n<h2>Cr\u00e9er votre programme d&#8217;activit\u00e9<\/h2>\n<p> \t\t<!--  Header: [end] --> \t\t\t \t\t<!--  Text: [begin] --> \t\t\t<\/p>\n<div>\n<hr>\n<p><span>La Journ\u00e9e internationale des mus\u00e9es est l\u2019occasion de mettre le public \u00e0 l\u2019honneur et de proposer des activit\u00e9s originales et festives, selon le public que vous souhaitez toucher.<\/span> <\/p>\n<p><span>L\u2019id\u00e9al est de construire votre programme d\u2019activit\u00e9s en lien avec le th\u00e8me de la Journ\u00e9e internationale des mus\u00e9es 2015\u00a0: <\/span><b><span>Mus\u00e9es pour une soci\u00e9t\u00e9 durable.<\/span><\/b><\/p>\n<p><b>Kit pour les Mus\u00e9es<\/b> <img decoding=\"async\" src=\"http:\/\/imd2015.mini.icom.museum\/wp-content\/uploads\/sites\/52\/2019\/01\/RTEmagicC_pdf_txdam11730_70c5b7.gif.gif\" alt=\"\"><\/p>\n<\/p><\/div>\n<p> \t\t<!--  Text: [end] --> \t\t\t   \t<!--  \t\tBEGIN: Content of extension \"hpo_relatedlink\", plugin \"tx_hporelatedlink_pi1\"  \t--> \t<\/p>\n<div> \t\t \t<\/div>\n<p> \t \t<!-- END: Content of extension \"hpo_relatedlink\", plugin \"tx_hporelatedlink_pi1\" -->  \t<\/div>\n<p> \t<!--  CONTENT ELEMENT, uid:13995\/text [end] --> \t\t \t<!--  CONTENT ELEMENT, uid:13998\/text [begin] --> \t\t<\/p>\n<div id=\"c13998\"> \t\t<!--  Header: [begin] --> \t\t\t<\/p>\n<h2>Outils de communication \u00e0 votre disposition<\/h2>\n<p> \t\t<!--  Header: [end] --> \t\t\t \t\t<!--  Text: [begin] --> \t\t\t<\/p>\n<hr>\n<p>\u00a0<b>Affiche officielle et ses d\u00e9clinaisons (carte postale et banni\u00e8re Internet)<\/b><\/p>\n<div>\n<p>Chaque ann\u00e9e, l\u2019ICOM cr\u00e9e une affiche pour la Journ\u00e9e internationale des mus\u00e9es\u00a0li\u00e9e au th\u00e8me de l\u2019ann\u00e9e pour permettre aux mus\u00e9es participants d\u2019illustrer ce th\u00e8me et faire venir les visiteurs gr\u00e2ce \u00e0 un visuel attractif. \u00a0 <\/p>\n<p>En 2014, gr\u00e2ce \u00e0 vous, l\u2019affiche a \u00e9t\u00e9 d\u00e9clin\u00e9e en 32 versions. Cette ann\u00e9e encore, gr\u00e2ce \u00e0 l\u2019aide des Comit\u00e9s nationaux de l\u2019ICOM, l\u2019affiche de la JIM 2014 et ses d\u00e9clinaisons (carte postale et banni\u00e8re Internet) seront mis \u00e0 votre disposition progressivement dans la ou les langues de votre pays. <\/p>\n<p>Si vous souhaitez utiliser l\u2019affiche dans une langue qui n\u2019est pas disponible, n\u2019h\u00e9sitez pas \u00e0 contacter votre <a href=\"http:\/\/icom.museum\/les-comites\/comites-nationaux\/L\/2\/\" target=\"_blank\">Comit\u00e9 national<\/a>.\u00a0 <\/p>\n<p>Nous vous proposons une version avec un espace vide en bas \u00e0 gauche o\u00f9 vous pourrez facilement ins\u00e9rer des informations sur votre mus\u00e9e, vos partenaires ou les activit\u00e9s organis\u00e9es. N\u00e9anmoins, les logos officiels ne doivent pas \u00eatre supprim\u00e9s. Vous pourrez \u00e9galement utiliser les \u00e9l\u00e9ments graphiques et modifier le format selon vos besoins. N\u2019h\u00e9sitez pas \u00e0 envoyer un mail \u00e0 <a href=\"mailto:imd@icom.museum\" title=\"Ouvre une fen\u00eatre pour la r\u00e9daction d'un mail\">imd@icom.museum<\/a> pour obtenir la version Indesign permettant de faire les modifications souhait\u00e9es. <\/p>\n<p>Nous vous invitons \u00e0 imprimer et accrocher l\u2019affiche dans votre mus\u00e9e pendant la p\u00e9riode de la JIM. Vous pouvez aussi d\u00e9cliner ce visuel de plusieurs mani\u00e8res et sur tout support selon vos souhaits. Attention : aucune exploitation commerciale de ce visuel n\u2019est possible. <\/p>\n<p>Afin de conserver vos cr\u00e9ations et de mieux les diffuser, nous vous serions reconnaissants de bien vouloir nous envoyer toutes les cr\u00e9ations que vous seriez amen\u00e9s \u00e0 r\u00e9aliser \u00e0 partir du visuel de la Journ\u00e9e internationale des mus\u00e9es 2015.<\/p>\n<\/p><\/div>\n<div><\/div>\n<p> \t\t<!--  Text: [end] --> \t\t\t   \t<!--  \t\tBEGIN: Content of extension \"hpo_relatedlink\", plugin \"tx_hporelatedlink_pi1\"  \t--> \t<\/p>\n<div> \t\t \t<\/div>\n<p> \t \t<!-- END: Content of extension \"hpo_relatedlink\", plugin \"tx_hporelatedlink_pi1\" -->  \t<\/div>\n<p> \t<!--  CONTENT ELEMENT, uid:13998\/text [end] --> \t\t \t<!--  CONTENT ELEMENT, uid:14005\/text [begin] --> \t\t<\/p>\n<div id=\"c14005\"> \t\t<!--  Header: [begin] --> \t\t\t<\/p>\n<h2>Trouver des partenaires financiers<\/h2>\n<p> \t\t<!--  Header: [end] --> \t\t\t \t\t<!--  Text: [begin] --> \t\t\t<\/p>\n<hr>\n<p>Vous pouvez b\u00e9n\u00e9ficier de trois diff\u00e9rentes formes de soutien : <\/p>\n<p><b>Soutien financier: <\/b>aide financi\u00e8re pour le fonctionnement quotidien d\u2019une structure ou pour un \u00e9v\u00e9nement sp\u00e9cial, tel que la Journ\u00e9e internationale des mus\u00e9es. Ce soutien peut provenir de soci\u00e9t\u00e9s priv\u00e9es ou du secteur public. <\/p>\n<p>\u00a0<\/p>\n<p><b>\u00a0Soutien en nature:<\/b> une entreprise peut, pour l\u2019\u00e9v\u00e9nement, vous fournir ses produits, par exemple, pour la r\u00e9ception, ou bien elle peut imprimer voire diffuser gratuitement les d\u00e9pliants de votre \u00e9v\u00e9nement. <\/p>\n<p>\u00a0<\/p>\n<p><b>\u00a0Soutien en comp\u00e9tences:<\/b> une entreprise peut d\u00e9tacher ponctuellement et gracieusement un ou plusieurs membres de son personnel pour travailler avec vous, par exemple au sein du service de la communication. Ce type de soutien se d\u00e9veloppe, en particulier pour les programmes \u00e9ducatifs. <\/p>\n<p>Afin de mettre en valeur votre partenaire, vous pouvez proposer :\u00a0 <\/p>\n<p>\u00a0<\/p>\n<ul>\n<li>D\u2019int\u00e9grer son logo dans tous les outils de communication cr\u00e9\u00e9s pour l\u2019\u00e9v\u00e9nement et notamment l\u2019affiche ;<\/li>\n<\/ul>\n<ul>\n<li>De faire figurer dans le dossier de presse et les communiqu\u00e9s de presse un bloc d\u2019information sur le partenaire ;<\/li>\n<\/ul>\n<ul>\n<li>\u00a0D\u2019organiser conjointement le lancement de la Journ\u00e9e avec vos partenaires ;<\/li>\n<\/ul>\n<ul>\n<li>D\u2019assister aux \u00e9v\u00e9nements que vous organisez ou de diffuser de la documentation durant votre Journ\u00e9e internationale des mus\u00e9es ;<\/li>\n<\/ul>\n<ul>\n<li>\u00a0Si vous avez plusieurs soutiens, de les faire se rencontrer lors d\u2019une r\u00e9ception afin de renforcer ce r\u00e9seau ;<\/li>\n<\/ul>\n<ul>\n<li>\u00a0De publier une annonce publicitaire sur l\u2019un de vos supports de communication.<\/li>\n<\/ul>\n<p>\u00a0<\/p>\n<p>\u00a0<\/p>\n<div><\/div>\n<p> \t\t<!--  Text: [end] --> \t\t\t   \t<!--  \t\tBEGIN: Content of extension \"hpo_relatedlink\", plugin \"tx_hporelatedlink_pi1\"  \t--> \t<\/p>\n<div> \t\t \t<\/div>\n<p> \t \t<!-- END: Content of extension \"hpo_relatedlink\", plugin \"tx_hporelatedlink_pi1\" -->  \t<\/div>\n<p> \t<!--  CONTENT ELEMENT, uid:14005\/text [end] --> \t\t<!--TYPO3SEARCH_end--> <\/div>\n","protected":false},"excerpt":{"rendered":"<p>Votre r\u00f4le cl\u00e9 Pour que la Journ\u00e9e internationale des mus\u00e9es soit \u00e0 la hauteur de ses ambitions, nous avons besoin de vous !\u00a0 Vous \u00eates en effet les ambassadeurs de cette journ\u00e9e : c\u2019est gr\u00e2ce aux activit\u00e9s que vous organisez, et \u00e0 la diffusion de l\u2019information que vous mettez en place que cet \u00e9v\u00e9nement est [&hellip;]<\/p>\n","protected":false},"author":1,"featured_media":0,"parent":1469,"menu_order":0,"comment_status":"closed","ping_status":"closed","template":"","meta":{"footnotes":""},"yst_prominent_words":[],"acf":[],"_links":{"self":[{"href":"https:\/\/imd2015.mini.icom.museum\/fr\/wp-json\/wp\/v2\/pages\/1163"}],"collection":[{"href":"https:\/\/imd2015.mini.icom.museum\/fr\/wp-json\/wp\/v2\/pages"}],"about":[{"href":"https:\/\/imd2015.mini.icom.museum\/fr\/wp-json\/wp\/v2\/types\/page"}],"author":[{"embeddable":true,"href":"https:\/\/imd2015.mini.icom.museum\/fr\/wp-json\/wp\/v2\/users\/1"}],"replies":[{"embeddable":true,"href":"https:\/\/imd2015.mini.icom.museum\/fr\/wp-json\/wp\/v2\/comments?post=1163"}],"version-history":[{"count":1,"href":"https:\/\/imd2015.mini.icom.museum\/fr\/wp-json\/wp\/v2\/pages\/1163\/revisions"}],"predecessor-version":[{"id":1424,"href":"https:\/\/imd2015.mini.icom.museum\/fr\/wp-json\/wp\/v2\/pages\/1163\/revisions\/1424"}],"up":[{"embeddable":true,"href":"https:\/\/imd2015.mini.icom.museum\/fr\/wp-json\/wp\/v2\/pages\/1469"}],"wp:attachment":[{"href":"https:\/\/imd2015.mini.icom.museum\/fr\/wp-json\/wp\/v2\/media?parent=1163"}],"wp:term":[{"taxonomy":"yst_prominent_words","embeddable":true,"href":"https:\/\/imd2015.mini.icom.museum\/fr\/wp-json\/wp\/v2\/yst_prominent_words?post=1163"}],"curies":[{"name":"wp","href":"https:\/\/api.w.org\/{rel}","templated":true}]}}