{"id":1130,"date":"2019-01-08T01:41:29","date_gmt":"2019-01-08T01:41:29","guid":{"rendered":"http:\/\/imd2015.icom.cust.oxymium.net\/la-jim-chez-vous\/la-jim-sur-les-reseaux-sociaux\/"},"modified":"2019-01-08T01:43:15","modified_gmt":"2019-01-08T01:43:15","slug":"la-jim-sur-les-reseaux-sociaux","status":"publish","type":"page","link":"https:\/\/imd2015.mini.icom.museum\/fr\/la-jim-chez-vous\/la-jim-sur-les-reseaux-sociaux\/","title":{"rendered":"La JIM  sur les r\u00e9seaux sociaux"},"content":{"rendered":"<div id=\"RTE_CONTENT\"> <!--TYPO3SEARCH_begin--> \t<!--  CONTENT ELEMENT, uid:14040\/text [begin] --> \t\t<\/p>\n<div id=\"c14040\"> \t\t<!--  Header: [begin] --> \t\t\t<\/p>\n<h2>Suivre la JIM sur les r\u00e9seaux sociaux<\/h2>\n<p> \t\t<!--  Header: [end] --> \t\t\t \t\t<!--  Text: [begin] --> \t\t\t<\/p>\n<p><b><a href=\"https:\/\/www.facebook.com\/internationalmuseumday?ref=hl\" title=\"Ouvre un lien externe dans une nouvelle fen\u00eatre\" target=\"_blank\">Devenir fan de la page Facebook<\/a><\/b> <\/p>\n<p>Vous recevrez ainsi les mises \u00e0 jour en temps r\u00e9el et la programmation des \u00e9v\u00e9nements. Une information \u00e0 ne pas rater ? Les fans de la page sont automatiquement inform\u00e9s ! <\/p>\n<p>\u00a0<\/p>\n<p><b><a href=\"https:\/\/twitter.com\/IcomOfficiel\/timelines\/451343459744350209\" title=\"Ouvre un lien externe dans une nouvelle fen\u00eatre\" target=\"_blank\">Rep\u00e9rer le hashtag de la JIM sur Twitter<\/a><\/b> <\/p>\n<p>Beaucoup de mus\u00e9es participants ont un compte sur Twitter et communiquent en temps r\u00e9el sur leurs actualit\u00e9s concernant l\u2019\u00e9v\u00e9nement. Vous pouvez les rep\u00e9rer gr\u00e2ce au hashtag (mot cl\u00e9) de la JIM\u00a0:\u00a0#MuseumDay<\/p>\n<div><\/div>\n<p> \t\t<!--  Text: [end] --> \t\t\t   \t<!--  \t\tBEGIN: Content of extension \"hpo_relatedlink\", plugin \"tx_hporelatedlink_pi1\"  \t--> \t<\/p>\n<div> \t\t \t<\/div>\n<p> \t \t<!-- END: Content of extension \"hpo_relatedlink\", plugin \"tx_hporelatedlink_pi1\" -->  \t<\/div>\n<p> \t<!--  CONTENT ELEMENT, uid:14040\/text [end] --> \t\t<!--TYPO3SEARCH_end--> <\/div>\n","protected":false},"excerpt":{"rendered":"<p>Suivre la JIM sur les r\u00e9seaux sociaux Devenir fan de la page Facebook Vous recevrez ainsi les mises \u00e0 jour en temps r\u00e9el et la programmation des \u00e9v\u00e9nements. Une information \u00e0 ne pas rater ? Les fans de la page sont automatiquement inform\u00e9s ! \u00a0 Rep\u00e9rer le hashtag de la JIM sur Twitter Beaucoup de [&hellip;]<\/p>\n","protected":false},"author":1,"featured_media":0,"parent":130,"menu_order":1,"comment_status":"closed","ping_status":"closed","template":"","meta":{"footnotes":""},"yst_prominent_words":[],"acf":[],"_links":{"self":[{"href":"https:\/\/imd2015.mini.icom.museum\/fr\/wp-json\/wp\/v2\/pages\/1130"}],"collection":[{"href":"https:\/\/imd2015.mini.icom.museum\/fr\/wp-json\/wp\/v2\/pages"}],"about":[{"href":"https:\/\/imd2015.mini.icom.museum\/fr\/wp-json\/wp\/v2\/types\/page"}],"author":[{"embeddable":true,"href":"https:\/\/imd2015.mini.icom.museum\/fr\/wp-json\/wp\/v2\/users\/1"}],"replies":[{"embeddable":true,"href":"https:\/\/imd2015.mini.icom.museum\/fr\/wp-json\/wp\/v2\/comments?post=1130"}],"version-history":[{"count":1,"href":"https:\/\/imd2015.mini.icom.museum\/fr\/wp-json\/wp\/v2\/pages\/1130\/revisions"}],"predecessor-version":[{"id":1425,"href":"https:\/\/imd2015.mini.icom.museum\/fr\/wp-json\/wp\/v2\/pages\/1130\/revisions\/1425"}],"up":[{"embeddable":true,"href":"https:\/\/imd2015.mini.icom.museum\/fr\/wp-json\/wp\/v2\/pages\/130"}],"wp:attachment":[{"href":"https:\/\/imd2015.mini.icom.museum\/fr\/wp-json\/wp\/v2\/media?parent=1130"}],"wp:term":[{"taxonomy":"yst_prominent_words","embeddable":true,"href":"https:\/\/imd2015.mini.icom.museum\/fr\/wp-json\/wp\/v2\/yst_prominent_words?post=1130"}],"curies":[{"name":"wp","href":"https:\/\/api.w.org\/{rel}","templated":true}]}}