{"id":1124,"date":"2019-01-08T01:41:20","date_gmt":"2019-01-08T01:41:20","guid":{"rendered":"http:\/\/imd2015.icom.cust.oxymium.net\/jim-2015\/le-mot-du-president\/"},"modified":"2019-01-08T01:43:16","modified_gmt":"2019-01-08T01:43:16","slug":"le-mot-du-president","status":"publish","type":"page","link":"https:\/\/imd2015.mini.icom.museum\/fr\/jim-2015\/le-mot-du-president\/","title":{"rendered":"Le mot du Pr\u00e9sident"},"content":{"rendered":"<div id=\"RTE_CONTENT\"> <!--TYPO3SEARCH_begin--> \t<!--  CONTENT ELEMENT, uid:13979\/textpic [begin] --> \t\t<\/p>\n<div id=\"c13979\"> \t\t<!--  Image block: [begin] --> \t\t\t<\/p>\n<div>\n<div><img decoding=\"async\" src=\"http:\/\/imd2015.mini.icom.museum\/wp-content\/uploads\/sites\/52\/2019\/01\/Hans-Martin_Hinz_02.jpg\" alt=\"\"><\/div>\n<div> \t\t<!--  Text: [begin] --> \t\t\t<\/p>\n<p>Les mus\u00e9es, en tant qu\u2019\u00e9ducateurs et m\u00e9diateurs culturels adoptent un r\u00f4le de plus en plus vital en contribuant \u00e0 la d\u00e9finition du d\u00e9veloppement durable, sa mise en \u0153uvre et ses pratiques. Les mus\u00e9es doivent \u00eatre en mesure de garantir leur r\u00f4le dans la sauvegarde du patrimoine culturel face \u00e0 la pr\u00e9carit\u00e9 croissante des \u00e9cosyst\u00e8mes, \u00e0 des situations d\u2019instabilit\u00e9 politique et aux d\u00e9fis naturels et humains qui peuvent se pr\u00e9senter.  <\/p>\n<p>Le travail des mus\u00e9es, par l\u2019interm\u00e9diaire de l\u2019\u00e9ducation et d\u2019expositions peut contribuer \u00e0 la cr\u00e9ation d\u2019une soci\u00e9t\u00e9 durable. Nous devons faire tout notre possible pour veiller \u00e0 ce que les mus\u00e9es soient une force motrice dans le d\u00e9veloppement durable du monde. <\/p>\n<p>&#8211; Pr Dr Hans-Martin Hinz, pr\u00e9sident de l\u2019ICOM<\/p>\n<div><\/div>\n<p> \t\t<!--  Text: [end] --> \t\t\t<\/div>\n<\/p><\/div>\n<div><!-- --><\/div>\n<p> \t\t<!--  Image block: [end] --> \t\t\t   \t<!--  \t\tBEGIN: Content of extension \"hpo_relatedlink\", plugin \"tx_hporelatedlink_pi1\"  \t--> \t<\/p>\n<div> \t\t \t<\/div>\n<p> \t \t<!-- END: Content of extension \"hpo_relatedlink\", plugin \"tx_hporelatedlink_pi1\" -->  \t<\/div>\n<p> \t<!--  CONTENT ELEMENT, uid:13979\/textpic [end] --> \t\t<!--TYPO3SEARCH_end--> <\/div>\n","protected":false},"excerpt":{"rendered":"<p>Les mus\u00e9es, en tant qu\u2019\u00e9ducateurs et m\u00e9diateurs culturels adoptent un r\u00f4le de plus en plus vital en contribuant \u00e0 la d\u00e9finition du d\u00e9veloppement durable, sa mise en \u0153uvre et ses pratiques. Les mus\u00e9es doivent \u00eatre en mesure de garantir leur r\u00f4le dans la sauvegarde du patrimoine culturel face \u00e0 la pr\u00e9carit\u00e9 croissante des \u00e9cosyst\u00e8mes, \u00e0 [&hellip;]<\/p>\n","protected":false},"author":1,"featured_media":0,"parent":127,"menu_order":2,"comment_status":"closed","ping_status":"closed","template":"","meta":{"footnotes":""},"yst_prominent_words":[],"acf":[],"_links":{"self":[{"href":"https:\/\/imd2015.mini.icom.museum\/fr\/wp-json\/wp\/v2\/pages\/1124"}],"collection":[{"href":"https:\/\/imd2015.mini.icom.museum\/fr\/wp-json\/wp\/v2\/pages"}],"about":[{"href":"https:\/\/imd2015.mini.icom.museum\/fr\/wp-json\/wp\/v2\/types\/page"}],"author":[{"embeddable":true,"href":"https:\/\/imd2015.mini.icom.museum\/fr\/wp-json\/wp\/v2\/users\/1"}],"replies":[{"embeddable":true,"href":"https:\/\/imd2015.mini.icom.museum\/fr\/wp-json\/wp\/v2\/comments?post=1124"}],"version-history":[{"count":1,"href":"https:\/\/imd2015.mini.icom.museum\/fr\/wp-json\/wp\/v2\/pages\/1124\/revisions"}],"predecessor-version":[{"id":1427,"href":"https:\/\/imd2015.mini.icom.museum\/fr\/wp-json\/wp\/v2\/pages\/1124\/revisions\/1427"}],"up":[{"embeddable":true,"href":"https:\/\/imd2015.mini.icom.museum\/fr\/wp-json\/wp\/v2\/pages\/127"}],"wp:attachment":[{"href":"https:\/\/imd2015.mini.icom.museum\/fr\/wp-json\/wp\/v2\/media?parent=1124"}],"wp:term":[{"taxonomy":"yst_prominent_words","embeddable":true,"href":"https:\/\/imd2015.mini.icom.museum\/fr\/wp-json\/wp\/v2\/yst_prominent_words?post=1124"}],"curies":[{"name":"wp","href":"https:\/\/api.w.org\/{rel}","templated":true}]}}