{"id":165,"date":"2019-01-08T01:34:09","date_gmt":"2019-01-08T01:34:09","guid":{"rendered":"http:\/\/imd2015.icom.cust.oxymium.net\/dim-2015\/el-tema-museos-para-una-sociedad-sostenible\/"},"modified":"2019-01-08T01:43:23","modified_gmt":"2019-01-08T01:43:23","slug":"el-tema-museos-para-una-sociedad-sostenible","status":"publish","type":"page","link":"https:\/\/imd2015.mini.icom.museum\/es\/dim-2015\/el-tema-museos-para-una-sociedad-sostenible\/","title":{"rendered":"El tema: Museos para una sociedad sostenible"},"content":{"rendered":"<div id=\"RTE_CONTENT\"> <!--TYPO3SEARCH_begin--> \t<!--  CONTENT ELEMENT, uid:13978\/text [begin] --> \t\t<\/p>\n<div id=\"c13978\"> \t\t<!--  Text: [begin] --> \t\t\t<\/p>\n<p>La red del ICOM elige cada a\u00f1o un tema para el D\u00eda Internacional de los Museos, cuyo objetivo es compartir las preocupaciones de la comunidad muse\u00edstica con la sociedad.<\/p>\n<p>En 2015 el evento girar\u00e1 en torno al tema: <i><b>Museos para una sociedad sostenible.<\/b><\/i><\/p>\n<p>En el presente, la humanidad debe adoptar modos de vida y de desarrollo compatibles con los l\u00edmites de la naturaleza. La transici\u00f3n hacia un tipo de sociedad sostenible pasa por la invenci\u00f3n de nuevos m\u00e9todos de pensamiento y de acci\u00f3n. Promotores del desarrollo sostenible y aut\u00e9nticos laboratorios de pr\u00e1cticas ejemplares, los museos actuales desempe\u00f1an un papel esencial en esta transici\u00f3n y deben consolidar su posici\u00f3n y hacer o\u00edr su voz en este contexto.<\/p>\n<p>El tema <i><b>Museos para una sociedad sostenible<\/b><\/i> reconoce el papel de los museos para concienciar al p\u00fablico sobre la necesidad de una sociedad menos derrochadora, m\u00e1s solidaria y que aproveche los recursos de una manera m\u00e1s respetuosa con los sistemas biol\u00f3gicos.<\/p>\n<p>Aplicando este concepto de sociedad sostenible a los museos, el tema del D\u00eda Internacional de los Museos pretende fomentar en toda la sociedad una mayor concienciaci\u00f3n sobre las repercusiones actuales de la acci\u00f3n del hombre en nuestro planeta y de las necesidades imperativas de cambiar el modelo econ\u00f3mico y social.<\/p>\n<p> \t\t<!--  Text: [end] --> \t\t\t   \t<!--  \t\tBEGIN: Content of extension \"hpo_relatedlink\", plugin \"tx_hporelatedlink_pi1\"  \t--> \t<\/p>\n<div> \t\t \t<\/div>\n<p> \t \t<!-- END: Content of extension \"hpo_relatedlink\", plugin \"tx_hporelatedlink_pi1\" -->  \t<\/div>\n<p> \t<!--  CONTENT ELEMENT, uid:13978\/text [end] --> \t\t<!--TYPO3SEARCH_end--> <\/div>\n","protected":false},"excerpt":{"rendered":"<p>La red del ICOM elige cada a\u00f1o un tema para el D\u00eda Internacional de los Museos, cuyo objetivo es compartir las preocupaciones de la comunidad muse\u00edstica con la sociedad. En 2015 el evento girar\u00e1 en torno al tema: Museos para una sociedad sostenible. En el presente, la humanidad debe adoptar modos de vida y de [&hellip;]<\/p>\n","protected":false},"author":1,"featured_media":0,"parent":128,"menu_order":0,"comment_status":"closed","ping_status":"closed","template":"","meta":{"footnotes":""},"yst_prominent_words":[],"acf":[],"_links":{"self":[{"href":"https:\/\/imd2015.mini.icom.museum\/es\/wp-json\/wp\/v2\/pages\/165"}],"collection":[{"href":"https:\/\/imd2015.mini.icom.museum\/es\/wp-json\/wp\/v2\/pages"}],"about":[{"href":"https:\/\/imd2015.mini.icom.museum\/es\/wp-json\/wp\/v2\/types\/page"}],"author":[{"embeddable":true,"href":"https:\/\/imd2015.mini.icom.museum\/es\/wp-json\/wp\/v2\/users\/1"}],"replies":[{"embeddable":true,"href":"https:\/\/imd2015.mini.icom.museum\/es\/wp-json\/wp\/v2\/comments?post=165"}],"version-history":[{"count":1,"href":"https:\/\/imd2015.mini.icom.museum\/es\/wp-json\/wp\/v2\/pages\/165\/revisions"}],"predecessor-version":[{"id":1457,"href":"https:\/\/imd2015.mini.icom.museum\/es\/wp-json\/wp\/v2\/pages\/165\/revisions\/1457"}],"up":[{"embeddable":true,"href":"https:\/\/imd2015.mini.icom.museum\/es\/wp-json\/wp\/v2\/pages\/128"}],"wp:attachment":[{"href":"https:\/\/imd2015.mini.icom.museum\/es\/wp-json\/wp\/v2\/media?parent=165"}],"wp:term":[{"taxonomy":"yst_prominent_words","embeddable":true,"href":"https:\/\/imd2015.mini.icom.museum\/es\/wp-json\/wp\/v2\/yst_prominent_words?post=165"}],"curies":[{"name":"wp","href":"https:\/\/api.w.org\/{rel}","templated":true}]}}