{"id":162,"date":"2019-01-08T01:34:04","date_gmt":"2019-01-08T01:34:04","guid":{"rendered":"http:\/\/imd2015.icom.cust.oxymium.net\/acerca-del-icom\/"},"modified":"2019-01-08T01:43:24","modified_gmt":"2019-01-08T01:43:24","slug":"acerca-del-icom","status":"publish","type":"page","link":"https:\/\/imd2015.mini.icom.museum\/es\/what-is-imd\/acerca-del-icom\/","title":{"rendered":"Acerca del ICOM"},"content":{"rendered":"<div id=\"RTE_CONTENT\"> <!--TYPO3SEARCH_begin--> \t<!--  CONTENT ELEMENT, uid:14067\/text [begin] --> \t\t<\/p>\n<div id=\"c14067\"> \t\t<!--  Text: [begin] --> \t\t\t<\/p>\n<p>El <b><a href=\"http:\/\/icom.museum\/L\/1\/\" target=\"_blank\">Consejo Internacional de Museos (ICOM)<\/a><\/b>, creado en 1946, es la organizaci\u00f3n mundial de los museos y los profesionales de los museos. El ICOM se dedica a la promoci\u00f3n y protecci\u00f3n del patrimonio natural y cultural, presente y futuro, material e inmaterial. Con m\u00e1s de 32 000 miembros en 135 pa\u00edses, la red del ICOM est\u00e1 formada por profesionales que abarcan un gran abanico de disciplinas relacionadas con los museos\u00a0 y el patrimonio.<\/p>\n<p>El ICOM promueve normas de excelencia en el \u00e1mbito muse\u00edstico, en particular a trav\u00e9s del <a href=\"http:\/\/icom.museum\/la-vision\/codigo-de-deontologia\/\/L\/1\/\" target=\"_blank\"><i>C\u00f3digo de Deontolog\u00eda del ICOM para los Museos<\/i><\/a>, una herramienta que establece normas para los museos, incluidos los principios b\u00e1sicos para la gesti\u00f3n de los museos, la adquisici\u00f3n y donaci\u00f3n de colecciones y las normas de conducta profesional. Las actividades del ICOM incluyen la lucha contra el tr\u00e1fico il\u00edcito de bienes culturales y el fomento de la preparaci\u00f3n y la gesti\u00f3n en situaciones de emergencia para proteger el patrimonio cultural mundial en caso de desastres naturales o desastres causados por el hombre.<\/p>\n<p>Con el fin de llevar a cabo sus actividades, el ICOM est\u00e1 asociado a entidades como el ICCROM, la INTERPOL, la Organizaci\u00f3n Mundial de la Propiedad Intelectual y la Organizaci\u00f3n Mundial de Aduanas, y adem\u00e1s mantiene desde hace a\u00f1os una colaboraci\u00f3n con la UNESCO. El Centro de Informaci\u00f3n Museol\u00f3gica UNESCO-ICOM, creado en 1946, re\u00fane la colecci\u00f3n m\u00e1s completa de <a href=\"http:\/\/icom.museum\/recursos\/banco-de-datos-de-las-publicaciones\/L\/1\/\" target=\"_blank\">publicaciones del ICOM<\/a>, incluyendo <i>Noticias del ICOM<\/i>, las <i>Listas Rojas<\/i> del ICOM, las publicaciones de los Comit\u00e9s Internacionales y las actas de las conferencias.<\/p>\n<p>El compromiso del ICOM con la promoci\u00f3n de la cultura y el intercambio de conocimientos se ve reforzado por sus 31 Comit\u00e9s Internacionales, los cuales se dedican a una gran variedad de especialidades muse\u00edsticas y desarrollan una labor de investigaci\u00f3n avanzada en sus propios campos de la que se beneficia la comunidad muse\u00edstica. Los Comit\u00e9s Nacionales e Internacionales del ICOM, sus Alianzas Regionales y sus Organizaciones Afiliadas celebran <a href=\"http:\/\/icom.museum\/eventos\/calendario\/L\/1\/\" target=\"_blank\">conferencias y simposios<\/a> en todo el mundo sobre temas predefinidos, con vistas a fomentar el intercambio entre profesionales de los museos de todas las nacionalidades. Adem\u00e1s, el ICOM organiza cada a\u00f1o el D\u00eda Internacional de los Museos, un evento mundial que se celebra el 18 o alrededor del <b>18 de mayo<\/b> para sensibilizar al p\u00fablico sobre el papel de los museos en el desarrollo de la sociedad.<\/p>\n<p><b>Sitio web:<\/b> <a href=\"http:\/\/icom.museum\/\" title=\"ICOM\" target=\"_blank\">http:\/\/icom.museum<\/a><\/p>\n<p> \t\t<!--  Text: [end] --> \t\t\t   \t<!--  \t\tBEGIN: Content of extension \"hpo_relatedlink\", plugin \"tx_hporelatedlink_pi1\"  \t--> \t<\/p>\n<div> \t\t \t<\/div>\n<p> \t \t<!-- END: Content of extension \"hpo_relatedlink\", plugin \"tx_hporelatedlink_pi1\" -->  \t<\/div>\n<p> \t<!--  CONTENT ELEMENT, uid:14067\/text [end] --> \t\t<!--TYPO3SEARCH_end--> <\/div>\n","protected":false},"excerpt":{"rendered":"<p>El Consejo Internacional de Museos (ICOM), creado en 1946, es la organizaci\u00f3n mundial de los museos y los profesionales de los museos. El ICOM se dedica a la promoci\u00f3n y protecci\u00f3n del patrimonio natural y cultural, presente y futuro, material e inmaterial. Con m\u00e1s de 32 000 miembros en 135 pa\u00edses, la red del ICOM [&hellip;]<\/p>\n","protected":false},"author":1,"featured_media":0,"parent":1467,"menu_order":2,"comment_status":"closed","ping_status":"closed","template":"","meta":{"footnotes":""},"yst_prominent_words":[],"acf":[],"_links":{"self":[{"href":"https:\/\/imd2015.mini.icom.museum\/es\/wp-json\/wp\/v2\/pages\/162"}],"collection":[{"href":"https:\/\/imd2015.mini.icom.museum\/es\/wp-json\/wp\/v2\/pages"}],"about":[{"href":"https:\/\/imd2015.mini.icom.museum\/es\/wp-json\/wp\/v2\/types\/page"}],"author":[{"embeddable":true,"href":"https:\/\/imd2015.mini.icom.museum\/es\/wp-json\/wp\/v2\/users\/1"}],"replies":[{"embeddable":true,"href":"https:\/\/imd2015.mini.icom.museum\/es\/wp-json\/wp\/v2\/comments?post=162"}],"version-history":[{"count":1,"href":"https:\/\/imd2015.mini.icom.museum\/es\/wp-json\/wp\/v2\/pages\/162\/revisions"}],"predecessor-version":[{"id":1458,"href":"https:\/\/imd2015.mini.icom.museum\/es\/wp-json\/wp\/v2\/pages\/162\/revisions\/1458"}],"up":[{"embeddable":true,"href":"https:\/\/imd2015.mini.icom.museum\/es\/wp-json\/wp\/v2\/pages\/1467"}],"wp:attachment":[{"href":"https:\/\/imd2015.mini.icom.museum\/es\/wp-json\/wp\/v2\/media?parent=162"}],"wp:term":[{"taxonomy":"yst_prominent_words","embeddable":true,"href":"https:\/\/imd2015.mini.icom.museum\/es\/wp-json\/wp\/v2\/yst_prominent_words?post=162"}],"curies":[{"name":"wp","href":"https:\/\/api.w.org\/{rel}","templated":true}]}}