{"id":159,"date":"2019-01-08T01:34:00","date_gmt":"2019-01-08T01:34:00","guid":{"rendered":"http:\/\/imd2015.icom.cust.oxymium.net\/un-poco-de-historia\/"},"modified":"2019-01-08T01:43:24","modified_gmt":"2019-01-08T01:43:24","slug":"un-poco-de-historia","status":"publish","type":"page","link":"https:\/\/imd2015.mini.icom.museum\/es\/what-is-imd\/un-poco-de-historia\/","title":{"rendered":"Un poco de historia"},"content":{"rendered":"<div id=\"RTE_CONTENT\"> <!--TYPO3SEARCH_begin--> \t<!--  CONTENT ELEMENT, uid:13977\/text [begin] --> \t\t<\/p>\n<div id=\"c13977\"> \t\t<!--  Header: [begin] --> \t\t\t<\/p>\n<h2>Un poco de historia<\/h2>\n<p> \t\t<!--  Header: [end] --> \t\t\t \t\t<!--  Text: [begin] --> \t\t\t<\/p>\n<p><b>La cruzada de los museos<\/b><br \/>Antes de crear oficialmente el D\u00eda Internacional de los Museos, en 1951 el ICOM reuni\u00f3 a la comunidad muse\u00edstica internacional en torno a un encuentro llamado La cruzada de los museos para debatir sobre \u201cMuseos y Educaci\u00f3n\u201d. La idea del D\u00eda Internacional de los Museos parti\u00f3 de la intenci\u00f3n de mejorar la accesibilidad a los museos surgida en dicho encuentro.<\/p>\n<p><b>La resoluci\u00f3n de 1977<\/b><br \/>El D\u00eda Internacional de los Museos se estableci\u00f3 oficialmente en 1977, tras la adopci\u00f3n de una resoluci\u00f3n durante la <a href=\"http:\/\/icom.museum\/la-gobernanza\/asamblea-general\/resoluciones\/moscow-1977\/L\/1\/\" target=\"_blank\">Asamblea General del ICOM en Mosc\u00fa<\/a> (Rusia) para crear un evento anual \u201ccon el objetivo de unificar m\u00e1s las aspiraciones creativas y los esfuerzos de los museos y llamar la atenci\u00f3n del p\u00fablico mundial sobre su actividad\u201d. El objetivo del D\u00eda Internacional de los Museos era transmitir el mensaje de que \u201cLos museos son un medio importante para los intercambios culturales, el enriquecimiento de culturas, el avance del entendimiento mutuo, la cooperaci\u00f3n y la paz entre los pueblos\u201d.<\/p>\n<p><b>La comunidad se re\u00fane en torno a un tema<\/b><br \/>Puesto que el acontecimiento reun\u00eda cada vez a m\u00e1s museos y, con el objetivo de favorecer la diversidad en la unidad, en 1992 el ICOM propone por primera vez un tema: <a href=\"http:\/\/imd2015.mini.icom.museum\/wp-content\/uploads\/sites\/52\/2019\/01\/1993-2_spa.pdf\" title=\"1993-2_spa.pdf (83 KB)\" target=\"_blank\">Museos y medio ambiente<\/a>.<\/p>\n<p><b>Se crea una identidad universal<\/b><br \/>En 1997 el ICOM lanz\u00f3 el primer cartel oficial del acontecimiento sobre el tema de la lucha contra el tr\u00e1fico il\u00edcito de bienes culturales. 28 pa\u00edses lo adaptaron.<\/p>\n<p><b>Se refuerza la comunicaci\u00f3n<\/b><br \/>El a\u00f1o 2011 fue un momento clave para el D\u00eda Internacional de los Museos, pues se introdujeron varias novedades, como los socios institucionales, un sitio web y un kit de comunicaci\u00f3n. El ICOM patrocin\u00f3 por primera vez la Noche Europea de los Museos, un evento que se celebra cada a\u00f1o el s\u00e1bado m\u00e1s pr\u00f3ximo al 18 de mayo.<br \/>\u00a0<\/p>\n<p> \t\t<!--  Text: [end] --> \t\t\t   \t<!--  \t\tBEGIN: Content of extension \"hpo_relatedlink\", plugin \"tx_hporelatedlink_pi1\"  \t--> \t<\/p>\n<div> \t\t \t<\/div>\n<p> \t \t<!-- END: Content of extension \"hpo_relatedlink\", plugin \"tx_hporelatedlink_pi1\" -->  \t<\/div>\n<p> \t<!--  CONTENT ELEMENT, uid:13977\/text [end] --> \t\t<!--TYPO3SEARCH_end--> <\/div>\n","protected":false},"excerpt":{"rendered":"<p>Un poco de historia La cruzada de los museosAntes de crear oficialmente el D\u00eda Internacional de los Museos, en 1951 el ICOM reuni\u00f3 a la comunidad muse\u00edstica internacional en torno a un encuentro llamado La cruzada de los museos para debatir sobre \u201cMuseos y Educaci\u00f3n\u201d. La idea del D\u00eda Internacional de los Museos parti\u00f3 de [&hellip;]<\/p>\n","protected":false},"author":1,"featured_media":0,"parent":1467,"menu_order":1,"comment_status":"closed","ping_status":"closed","template":"","meta":{"footnotes":""},"yst_prominent_words":[],"acf":[],"_links":{"self":[{"href":"https:\/\/imd2015.mini.icom.museum\/es\/wp-json\/wp\/v2\/pages\/159"}],"collection":[{"href":"https:\/\/imd2015.mini.icom.museum\/es\/wp-json\/wp\/v2\/pages"}],"about":[{"href":"https:\/\/imd2015.mini.icom.museum\/es\/wp-json\/wp\/v2\/types\/page"}],"author":[{"embeddable":true,"href":"https:\/\/imd2015.mini.icom.museum\/es\/wp-json\/wp\/v2\/users\/1"}],"replies":[{"embeddable":true,"href":"https:\/\/imd2015.mini.icom.museum\/es\/wp-json\/wp\/v2\/comments?post=159"}],"version-history":[{"count":1,"href":"https:\/\/imd2015.mini.icom.museum\/es\/wp-json\/wp\/v2\/pages\/159\/revisions"}],"predecessor-version":[{"id":1459,"href":"https:\/\/imd2015.mini.icom.museum\/es\/wp-json\/wp\/v2\/pages\/159\/revisions\/1459"}],"up":[{"embeddable":true,"href":"https:\/\/imd2015.mini.icom.museum\/es\/wp-json\/wp\/v2\/pages\/1467"}],"wp:attachment":[{"href":"https:\/\/imd2015.mini.icom.museum\/es\/wp-json\/wp\/v2\/media?parent=159"}],"wp:term":[{"taxonomy":"yst_prominent_words","embeddable":true,"href":"https:\/\/imd2015.mini.icom.museum\/es\/wp-json\/wp\/v2\/yst_prominent_words?post=159"}],"curies":[{"name":"wp","href":"https:\/\/api.w.org\/{rel}","templated":true}]}}