{"id":147,"date":"2019-01-08T01:33:52","date_gmt":"2019-01-08T01:33:52","guid":{"rendered":"http:\/\/imd2015.icom.cust.oxymium.net\/el-dim-en-breve\/"},"modified":"2019-01-08T01:43:24","modified_gmt":"2019-01-08T01:43:24","slug":"el-dim-en-breve","status":"publish","type":"page","link":"https:\/\/imd2015.mini.icom.museum\/es\/what-is-imd\/el-dim-en-breve\/","title":{"rendered":"El DIM en breve"},"content":{"rendered":"<div id=\"RTE_CONTENT\"> <!--TYPO3SEARCH_begin--> \t<!--  CONTENT ELEMENT, uid:13944\/text [begin] --> \t\t<\/p>\n<div id=\"c13944\"> \t\t<!--  Text: [begin] --> \t\t\t<\/p>\n<p>Desde 1977 el ICOM organiza todos los a\u00f1os el D\u00eda Internacional de los Museos (DIM), una ocasi\u00f3n \u00fanica para la comunidad muse\u00edstica internacional. Ese d\u00eda los museos que participan en el DIM planifican eventos y actividades creativas relacionadas con el lema del D\u00eda Internacional de los Museos, conectan con su p\u00fablico y subrayan la importancia del rol de los museos como instituciones al servicio de la sociedad y de su desarrollo.<\/p>\n<p>El objetivo del D\u00eda Internacional de los Museos es sensibilizar al p\u00fablico sobre el hecho de que \u201cLos museos son un medio importante para los intercambios culturales, el enriquecimiento de culturas, el avance del entendimiento mutuo, la cooperaci\u00f3n y la paz entre los pueblos\u201d. Se celebra cada a\u00f1o el 18 de mayo o alrededor de esta fecha y los os eventos y actividades organizados para la celebraci\u00f3n pueden durar un d\u00eda, un fin de semana o toda una semana.<\/p>\n<p>El D\u00eda Internacional de los Museos re\u00fane cada vez m\u00e1s museos en todo el mundo. En 2014 m\u00e1s de 35 000 museos de 145 pa\u00edses participaron en el evento.<\/p>\n<div><\/div>\n<p> \t\t<!--  Text: [end] --> \t\t\t   \t<!--  \t\tBEGIN: Content of extension \"hpo_relatedlink\", plugin \"tx_hporelatedlink_pi1\"  \t--> \t<\/p>\n<div> \t\t \t<\/div>\n<p> \t \t<!-- END: Content of extension \"hpo_relatedlink\", plugin \"tx_hporelatedlink_pi1\" -->  \t<\/div>\n<p> \t<!--  CONTENT ELEMENT, uid:13944\/text [end] --> \t\t<!--TYPO3SEARCH_end--> <\/div>\n","protected":false},"excerpt":{"rendered":"<p>Desde 1977 el ICOM organiza todos los a\u00f1os el D\u00eda Internacional de los Museos (DIM), una ocasi\u00f3n \u00fanica para la comunidad muse\u00edstica internacional. Ese d\u00eda los museos que participan en el DIM planifican eventos y actividades creativas relacionadas con el lema del D\u00eda Internacional de los Museos, conectan con su p\u00fablico y subrayan la importancia [&hellip;]<\/p>\n","protected":false},"author":1,"featured_media":0,"parent":1467,"menu_order":0,"comment_status":"closed","ping_status":"closed","template":"","meta":{"footnotes":""},"yst_prominent_words":[],"acf":[],"_links":{"self":[{"href":"https:\/\/imd2015.mini.icom.museum\/es\/wp-json\/wp\/v2\/pages\/147"}],"collection":[{"href":"https:\/\/imd2015.mini.icom.museum\/es\/wp-json\/wp\/v2\/pages"}],"about":[{"href":"https:\/\/imd2015.mini.icom.museum\/es\/wp-json\/wp\/v2\/types\/page"}],"author":[{"embeddable":true,"href":"https:\/\/imd2015.mini.icom.museum\/es\/wp-json\/wp\/v2\/users\/1"}],"replies":[{"embeddable":true,"href":"https:\/\/imd2015.mini.icom.museum\/es\/wp-json\/wp\/v2\/comments?post=147"}],"version-history":[{"count":1,"href":"https:\/\/imd2015.mini.icom.museum\/es\/wp-json\/wp\/v2\/pages\/147\/revisions"}],"predecessor-version":[{"id":1460,"href":"https:\/\/imd2015.mini.icom.museum\/es\/wp-json\/wp\/v2\/pages\/147\/revisions\/1460"}],"up":[{"embeddable":true,"href":"https:\/\/imd2015.mini.icom.museum\/es\/wp-json\/wp\/v2\/pages\/1467"}],"wp:attachment":[{"href":"https:\/\/imd2015.mini.icom.museum\/es\/wp-json\/wp\/v2\/media?parent=147"}],"wp:term":[{"taxonomy":"yst_prominent_words","embeddable":true,"href":"https:\/\/imd2015.mini.icom.museum\/es\/wp-json\/wp\/v2\/yst_prominent_words?post=147"}],"curies":[{"name":"wp","href":"https:\/\/api.w.org\/{rel}","templated":true}]}}