{"id":1206,"date":"2019-01-08T01:42:08","date_gmt":"2019-01-08T01:42:08","guid":{"rendered":"http:\/\/imd2015.icom.cust.oxymium.net\/prensa\/comunicados-de-prensa\/"},"modified":"2019-01-08T01:43:21","modified_gmt":"2019-01-08T01:43:21","slug":"comunicados-de-prensa","status":"publish","type":"page","link":"https:\/\/imd2015.mini.icom.museum\/es\/prensa\/comunicados-de-prensa\/","title":{"rendered":"Comunicados de prensa"},"content":{"rendered":"<div id=\"RTE_CONTENT\"> <!--TYPO3SEARCH_begin--> \t<!--  CONTENT ELEMENT, uid:14154\/textpic [begin] --> \t\t<\/p>\n<div id=\"c14154\"> \t\t<!--  Image block: [begin] --> \t\t\t<\/p>\n<div> \t\t<!--  Text: [begin] --> \t\t\t<\/p>\n<p><span>Lanzamiento del D\u00eda Internacional de los Museos del a\u00f1o 2015\u00a0Museos para una sociedad sostenible<\/span> <\/p>\n<p>La comunidad muse\u00edstica mundial celebrar\u00e1 el D\u00eda Internacional de los Museos alrededor del 18 de mayo de 2015. <\/p>\n<p>El lema de este a\u00f1o es Museos para una sociedad sostenible y pone de manifiesto el papel que juegan los museos a la hora de sensibilizar al p\u00fablico sobre la necesidad de una sociedad menos derrochadora, m\u00e1s solidaria y que utilice los recursos de una manera m\u00e1s respetuosa con los sistemas biol\u00f3gicos. <\/p>\n<p>El presidente del ICOM, el Prof. Dr. Hans\u2010Martin Hinz, a\u00f1ade: \u201cLos museos, en cuanto que educadores y mediadores culturales, est\u00e1n adoptando un papel cada vez m\u00e1s vital a la hora de contribuir a la definici\u00f3n e implementaci\u00f3n de un desarrollo y unas pr\u00e1cticas sostenibles. Los museos deben ser capaces de garantizar su funci\u00f3n de salvaguardar el patrimonio cultural, pues es posible que aumente la precariedad de los ecosistemas, las situaciones de inestabilidad pol\u00edtica y los retos asociados a todo ello, ya sean naturales o causados por el hombre. La labor que realizan los museos, a trav\u00e9s de la educaci\u00f3n y las exposiciones, por ejemplo, debe ir dirigida a crear una sociedad sostenible. Tenemos que hacer todo aquello que est\u00e9 en nuestras manos para garantizar que los museos sean parte del principal motor cultural del desarrollo sostenible del mundo\u201d. <\/p>\n<p>En 1977 el Consejo Internacional de Museos (ICOM) cre\u00f3 el D\u00eda Internacional de los Museos para sensibilizar al p\u00fablico sobre el papel de los museos en el desarrollo de la sociedad, y desde entonces la popularidad del evento no ha dejado de crecer. En 2013 el D\u00eda Internacional de los Museos alcanz\u00f3 una cifra r\u00e9cord de participaci\u00f3n: m\u00e1s de 35 000 museos en unos 145 pa\u00edses. <\/p>\n<p>Inauguraci\u00f3n del D\u00eda International de los Museos 2014 &#8211; <a href=\"http:\/\/imd2015.mini.icom.museum\/wp-content\/uploads\/sites\/52\/2019\/01\/IMD2015_press_release_spa.pdf\" title=\"IMD2015_press_release_spa.pdf (125 KB)\">Comunicado de prensa<\/a> <\/p>\n<p>Contacto prensa \u2010 Tel\u00e9fono: + 33 (0)1 47 34 05 00 \u2013 Correo electr\u00f3nico: <a href=\"mailto:imd@icom.museum\" title=\"Abre una ventana para enviar un correo electr\u00f3nico\">imd@icom.museum<\/a><\/p>\n<p> \t\t<!--  Text: [end] --> \t\t\t<\/div>\n<p> \t\t<!--  Image block: [end] --> \t\t\t   \t<!--  \t\tBEGIN: Content of extension \"hpo_relatedlink\", plugin \"tx_hporelatedlink_pi1\"  \t--> \t<\/p>\n<div> \t\t \t<\/div>\n<p> \t \t<!-- END: Content of extension \"hpo_relatedlink\", plugin \"tx_hporelatedlink_pi1\" -->  \t<\/div>\n<p> \t<!--  CONTENT ELEMENT, uid:14154\/textpic [end] --> \t\t<!--TYPO3SEARCH_end--> <\/div>\n","protected":false},"excerpt":{"rendered":"<p>Lanzamiento del D\u00eda Internacional de los Museos del a\u00f1o 2015\u00a0Museos para una sociedad sostenible La comunidad muse\u00edstica mundial celebrar\u00e1 el D\u00eda Internacional de los Museos alrededor del 18 de mayo de 2015. El lema de este a\u00f1o es Museos para una sociedad sostenible y pone de manifiesto el papel que juegan los museos a la [&hellip;]<\/p>\n","protected":false},"author":1,"featured_media":0,"parent":139,"menu_order":0,"comment_status":"closed","ping_status":"closed","template":"","meta":{"footnotes":""},"yst_prominent_words":[],"acf":[],"_links":{"self":[{"href":"https:\/\/imd2015.mini.icom.museum\/es\/wp-json\/wp\/v2\/pages\/1206"}],"collection":[{"href":"https:\/\/imd2015.mini.icom.museum\/es\/wp-json\/wp\/v2\/pages"}],"about":[{"href":"https:\/\/imd2015.mini.icom.museum\/es\/wp-json\/wp\/v2\/types\/page"}],"author":[{"embeddable":true,"href":"https:\/\/imd2015.mini.icom.museum\/es\/wp-json\/wp\/v2\/users\/1"}],"replies":[{"embeddable":true,"href":"https:\/\/imd2015.mini.icom.museum\/es\/wp-json\/wp\/v2\/comments?post=1206"}],"version-history":[{"count":1,"href":"https:\/\/imd2015.mini.icom.museum\/es\/wp-json\/wp\/v2\/pages\/1206\/revisions"}],"predecessor-version":[{"id":1447,"href":"https:\/\/imd2015.mini.icom.museum\/es\/wp-json\/wp\/v2\/pages\/1206\/revisions\/1447"}],"up":[{"embeddable":true,"href":"https:\/\/imd2015.mini.icom.museum\/es\/wp-json\/wp\/v2\/pages\/139"}],"wp:attachment":[{"href":"https:\/\/imd2015.mini.icom.museum\/es\/wp-json\/wp\/v2\/media?parent=1206"}],"wp:term":[{"taxonomy":"yst_prominent_words","embeddable":true,"href":"https:\/\/imd2015.mini.icom.museum\/es\/wp-json\/wp\/v2\/yst_prominent_words?post=1206"}],"curies":[{"name":"wp","href":"https:\/\/api.w.org\/{rel}","templated":true}]}}