{"id":1194,"date":"2019-01-08T01:41:59","date_gmt":"2019-01-08T01:41:59","guid":{"rendered":"http:\/\/imd2015.icom.cust.oxymium.net\/socios\/el-foro-europeo-de-museos\/"},"modified":"2019-01-08T01:43:22","modified_gmt":"2019-01-08T01:43:22","slug":"el-foro-europeo-de-museos","status":"publish","type":"page","link":"https:\/\/imd2015.mini.icom.museum\/es\/socios\/el-foro-europeo-de-museos\/","title":{"rendered":"El Foro Europeo de Museos"},"content":{"rendered":"<div id=\"RTE_CONTENT\"> <!--TYPO3SEARCH_begin--> \t<!--  CONTENT ELEMENT, uid:14007\/textpic [begin] --> \t\t<\/p>\n<div id=\"c14007\"> \t\t<!--  Image block: [begin] --> \t\t\t<\/p>\n<div>\n<div><img decoding=\"async\" src=\"http:\/\/imd2015.mini.icom.museum\/wp-content\/uploads\/sites\/52\/2019\/01\/emyalogo_02.JPG\" alt=\"\"><\/div>\n<div> \t\t<!--  Text: [begin] --> \t\t\t<\/p>\n<p>El Premio Museo Europeo del A\u00f1o 2015 se celebrar\u00e1 el 16 de mayo en el Museo Riverside de Glasgow (Reino Unido).<\/p>\n<p>Desde septiembre de 2013, el ICOM ha colaborado con el Foro Europeo de los Museos (EMF, por sus siglas en ingl\u00e9s), que todos los a\u00f1os organiza el Premio Museo Europeo del A\u00f1o (EMYA, por sus siglas en ingl\u00e9s).<\/p>\n<p>El EMYA se cre\u00f3 el mismo a\u00f1o que el D\u00eda Internacional de los Museos y se otorga a un museo que haya atra\u00eddo y recibido a sus visitantes empleando los est\u00e1ndares muse\u00edsticos m\u00e1s elevados y enfoques innovadores. Este galard\u00f3n reconoce a aquellos museos cuyo desarrollo e innovaci\u00f3n, en t\u00e9rminos de comunicaci\u00f3n, presentaci\u00f3n e interpretaci\u00f3n, hayan influido en los est\u00e1ndares muse\u00edsticos de Europa.<\/p>\n<p>Este evento fomenta la excelencia entre los museos europeos y ofrece la oportunidad de hacer contactos profesionales y debatir sobre aspectos contempor\u00e1neos relacionados con los museos.<\/p>\n<p>Sitio web: <a href=\"http:\/\/www.europeanmuseumforum.info\/\" target=\"_blank\">http:\/\/www.europeanmuseumforum.info<\/a><br \/>P\u00e1gina Facebook: <a href=\"https:\/\/www.facebook.com\/pages\/European-Museum-Forum\/320602279826\" target=\"_blank\">https:\/\/www.facebook.com\/pages\/European-Museum-Forum\/320602279826 <\/a><\/p>\n<div><\/div>\n<p> \t\t<!--  Text: [end] --> \t\t\t<\/div>\n<\/p><\/div>\n<div><!-- --><\/div>\n<p> \t\t<!--  Image block: [end] --> \t\t\t   \t<!--  \t\tBEGIN: Content of extension \"hpo_relatedlink\", plugin \"tx_hporelatedlink_pi1\"  \t--> \t<\/p>\n<div> \t\t \t<\/div>\n<p> \t \t<!-- END: Content of extension \"hpo_relatedlink\", plugin \"tx_hporelatedlink_pi1\" -->  \t<\/div>\n<p> \t<!--  CONTENT ELEMENT, uid:14007\/textpic [end] --> \t\t<!--TYPO3SEARCH_end--> <\/div>\n","protected":false},"excerpt":{"rendered":"<p>El Premio Museo Europeo del A\u00f1o 2015 se celebrar\u00e1 el 16 de mayo en el Museo Riverside de Glasgow (Reino Unido). Desde septiembre de 2013, el ICOM ha colaborado con el Foro Europeo de los Museos (EMF, por sus siglas en ingl\u00e9s), que todos los a\u00f1os organiza el Premio Museo Europeo del A\u00f1o (EMYA, por [&hellip;]<\/p>\n","protected":false},"author":1,"featured_media":0,"parent":136,"menu_order":2,"comment_status":"closed","ping_status":"closed","template":"","meta":{"footnotes":""},"yst_prominent_words":[],"acf":[],"_links":{"self":[{"href":"https:\/\/imd2015.mini.icom.museum\/es\/wp-json\/wp\/v2\/pages\/1194"}],"collection":[{"href":"https:\/\/imd2015.mini.icom.museum\/es\/wp-json\/wp\/v2\/pages"}],"about":[{"href":"https:\/\/imd2015.mini.icom.museum\/es\/wp-json\/wp\/v2\/types\/page"}],"author":[{"embeddable":true,"href":"https:\/\/imd2015.mini.icom.museum\/es\/wp-json\/wp\/v2\/users\/1"}],"replies":[{"embeddable":true,"href":"https:\/\/imd2015.mini.icom.museum\/es\/wp-json\/wp\/v2\/comments?post=1194"}],"version-history":[{"count":1,"href":"https:\/\/imd2015.mini.icom.museum\/es\/wp-json\/wp\/v2\/pages\/1194\/revisions"}],"predecessor-version":[{"id":1448,"href":"https:\/\/imd2015.mini.icom.museum\/es\/wp-json\/wp\/v2\/pages\/1194\/revisions\/1448"}],"up":[{"embeddable":true,"href":"https:\/\/imd2015.mini.icom.museum\/es\/wp-json\/wp\/v2\/pages\/136"}],"wp:attachment":[{"href":"https:\/\/imd2015.mini.icom.museum\/es\/wp-json\/wp\/v2\/media?parent=1194"}],"wp:term":[{"taxonomy":"yst_prominent_words","embeddable":true,"href":"https:\/\/imd2015.mini.icom.museum\/es\/wp-json\/wp\/v2\/yst_prominent_words?post=1194"}],"curies":[{"name":"wp","href":"https:\/\/api.w.org\/{rel}","templated":true}]}}