{"id":1182,"date":"2019-01-08T01:41:55","date_gmt":"2019-01-08T01:41:55","guid":{"rendered":"http:\/\/imd2015.icom.cust.oxymium.net\/socios\/la-noche-europea-de-los-museos\/"},"modified":"2019-01-08T01:43:22","modified_gmt":"2019-01-08T01:43:22","slug":"la-noche-europea-de-los-museos","status":"publish","type":"page","link":"https:\/\/imd2015.mini.icom.museum\/es\/socios\/la-noche-europea-de-los-museos\/","title":{"rendered":"La Noche Europea de los Museos"},"content":{"rendered":"<div id=\"RTE_CONTENT\"> <!--TYPO3SEARCH_begin--> \t<!--  CONTENT ELEMENT, uid:14006\/textpic [begin] --> \t\t<\/p>\n<div id=\"c14006\"> \t\t<!--  Image block: [begin] --> \t\t\t<\/p>\n<div>\n<div><a href=\"http:\/\/nuitdesmusees.culturecommunication.gouv.fr\/\" target=\"_blank\"><img decoding=\"async\" src=\"http:\/\/imd2015.mini.icom.museum\/wp-content\/uploads\/sites\/52\/2019\/01\/NuitMusees-2015-2_01.jpg\" alt=\"\"><\/a><\/div>\n<div> \t\t<!--  Text: [begin] --> \t\t\t<\/p>\n<p>Desde el 2011, el ICOM patrocina la Noche Europea de los Museos, que se celebra cada a\u00f1o durante el s\u00e1bado anterior a la celebraci\u00f3n del D\u00eda Internacional de los Museos.  <\/p>\n<p>Este a\u00f1o, la Noche Europea de los Museos tendr\u00e1 lugar durante la madrugada del 16 al 17 de mayo de 2015. Creada en 2005 por el Ministerio franc\u00e9s de cultura y comunicaci\u00f3n, la Noche europea de los museos permite a los visitantes asistir a los museos participantes en la misma durante la noche y de forma gratuita, atrasando as\u00ed la restricci\u00f3n de la hora de cierre hasta la una de la madrugada aproximadamente. Mediante la recepci\u00f3n del p\u00fablico por la noche, los museos abren una visita diferente de sus colecciones, con un enfoque m\u00e1s sensorial e ins\u00f3lito. <\/p>\n<p> El a\u00f1o pasado, los museos de 33 pa\u00edses europeos se movilizaron para hacer de esta 10\u00aa edici\u00f3n, un momento m\u00e1gico para los numerosos noct\u00e1mbulos que estaban presentes. Muchas animaciones son propuestas, y el p\u00fablico que participa de forma masiva en este evento festivo, es un p\u00fablico diferente, joven y familiar. <\/p>\n<p><span><a href=\"http:\/\/nuitdesmusees.culturecommunication.gouv.fr\/\" target=\"_blank\">http:\/\/nuitdesmusees.culturecommunication.gouv.fr\/<\/a><\/span><\/p>\n<div><\/div>\n<p> \t\t<!--  Text: [end] --> \t\t\t<\/div>\n<\/p><\/div>\n<div><!-- --><\/div>\n<p> \t\t<!--  Image block: [end] --> \t\t\t   \t<!--  \t\tBEGIN: Content of extension \"hpo_relatedlink\", plugin \"tx_hporelatedlink_pi1\"  \t--> \t<\/p>\n<div> \t\t \t<\/div>\n<p> \t \t<!-- END: Content of extension \"hpo_relatedlink\", plugin \"tx_hporelatedlink_pi1\" -->  \t<\/div>\n<p> \t<!--  CONTENT ELEMENT, uid:14006\/textpic [end] --> \t\t<!--TYPO3SEARCH_end--> <\/div>\n","protected":false},"excerpt":{"rendered":"<p>Desde el 2011, el ICOM patrocina la Noche Europea de los Museos, que se celebra cada a\u00f1o durante el s\u00e1bado anterior a la celebraci\u00f3n del D\u00eda Internacional de los Museos. Este a\u00f1o, la Noche Europea de los Museos tendr\u00e1 lugar durante la madrugada del 16 al 17 de mayo de 2015. Creada en 2005 por [&hellip;]<\/p>\n","protected":false},"author":1,"featured_media":0,"parent":136,"menu_order":1,"comment_status":"closed","ping_status":"closed","template":"","meta":{"footnotes":""},"yst_prominent_words":[],"acf":[],"_links":{"self":[{"href":"https:\/\/imd2015.mini.icom.museum\/es\/wp-json\/wp\/v2\/pages\/1182"}],"collection":[{"href":"https:\/\/imd2015.mini.icom.museum\/es\/wp-json\/wp\/v2\/pages"}],"about":[{"href":"https:\/\/imd2015.mini.icom.museum\/es\/wp-json\/wp\/v2\/types\/page"}],"author":[{"embeddable":true,"href":"https:\/\/imd2015.mini.icom.museum\/es\/wp-json\/wp\/v2\/users\/1"}],"replies":[{"embeddable":true,"href":"https:\/\/imd2015.mini.icom.museum\/es\/wp-json\/wp\/v2\/comments?post=1182"}],"version-history":[{"count":1,"href":"https:\/\/imd2015.mini.icom.museum\/es\/wp-json\/wp\/v2\/pages\/1182\/revisions"}],"predecessor-version":[{"id":1449,"href":"https:\/\/imd2015.mini.icom.museum\/es\/wp-json\/wp\/v2\/pages\/1182\/revisions\/1449"}],"up":[{"embeddable":true,"href":"https:\/\/imd2015.mini.icom.museum\/es\/wp-json\/wp\/v2\/pages\/136"}],"wp:attachment":[{"href":"https:\/\/imd2015.mini.icom.museum\/es\/wp-json\/wp\/v2\/media?parent=1182"}],"wp:term":[{"taxonomy":"yst_prominent_words","embeddable":true,"href":"https:\/\/imd2015.mini.icom.museum\/es\/wp-json\/wp\/v2\/yst_prominent_words?post=1182"}],"curies":[{"name":"wp","href":"https:\/\/api.w.org\/{rel}","templated":true}]}}