{"id":1167,"date":"2019-01-08T01:41:45","date_gmt":"2019-01-08T01:41:45","guid":{"rendered":"http:\/\/imd2015.icom.cust.oxymium.net\/para-museos\/comparta-su-programa-de-actividades\/"},"modified":"2019-01-08T01:43:22","modified_gmt":"2019-01-08T01:43:22","slug":"comparta-su-programa-de-actividades","status":"publish","type":"page","link":"https:\/\/imd2015.mini.icom.museum\/es\/para-museos\/comparta-su-programa-de-actividades\/","title":{"rendered":"Comparta su programa de actividades"},"content":{"rendered":"<div id=\"RTE_CONTENT\"> <!--TYPO3SEARCH_begin--> \t<!--  CONTENT ELEMENT, uid:15395\/text [begin] --> \t\t<\/p>\n<div id=\"c15395\"> \t\t<!--  Text: [begin] --> \t\t\t<\/p>\n<p><span>Museos: \u00a1Compartid vuestras actividades para el D\u00eda Internacional de los Museos en un mapa! <\/span> <\/p>\n<p>Gracias a una colaboraci\u00f3n entre el ICOM y <b><a href=\"http:\/\/www.semantika.si\/\" target=\"_blank\">Semantika<\/a><\/b>, una plataforma simplificada e intuitiva, \u00a1los museos ya pueden registrarse y promocionar sus actividades y celebraciones para el D\u00eda Internacional de los Museos en un <b><a href=\"http:\/\/imd2015.icom.cust.oxymium.net\/es\/el-dim-contigo\/mapa-de-actividades-del-dim\/\" title=\"Opens internal link in current window\">mapa interactivo<\/a><\/b>!  <\/p>\n<p><b>Para los museos<\/b>: Promocionad vuestras actividades para el D\u00eda Internacional de los Museos en <b><a href=\"http:\/\/imd2015.icom.cust.oxymium.net\/es\/el-dim-contigo\/mapa-de-actividades-del-dim\/\" title=\"Opens internal link in current window\">nuestro mapa del mundo<\/a><\/b>. <br \/>&#8211;\u00a0\u00a0\u00a0 Registraos en <b><a href=\"http:\/\/imd.museu.ms\/\" target=\"_blank\">http:\/\/imd.museu.ms<\/a><\/b> o acceded con vuestra cuenta en Museums.EU o Museu.ms<br \/>&#8211;\u00a0\u00a0\u00a0 Encontrad vuestro museo o a\u00f1adid informaci\u00f3n sobre el mismo si todav\u00eda no aparece. <br \/>&#8211;\u00a0\u00a0\u00a0 Elegid eventos o exposiciones y cumplimentad los datos. <br \/>&#8211;\u00a0\u00a0\u00a0 Usad la etiqueta \u201cIMD2015\u201d para situarlo en el mapa del D\u00eda Internacional de los Museos. <br \/>&#8211;\u00a0\u00a0\u00a0 Recibir\u00e9is una notificaci\u00f3n cuando la inscripci\u00f3n sea aceptada.<br \/>&#8211;\u00a0\u00a0\u00a0 \u00a1Compartid vuestro evento y dadlo a conocer! No olvid\u00e9is usar la etiqueta #MuseumDay o mencionar al ICOM en las redes sociales. <\/p>\n<p><b>Para el visitante<\/b>: encuentra actividades a la vuelta de la esquina para el D\u00eda Internacional de los Museos. \u00a0\u00a0\u00a0 <br \/>&#8211;\u00a0\u00a0\u00a0 En <b><a href=\"http:\/\/imd2015.icom.cust.oxymium.net\/es\/el-dim-contigo\/mapa-de-actividades-del-dim\/\" title=\"Opens internal link in current window\">http:\/\/imd.icom.museum<\/a><\/b>, consulta el mapa o visualiza todas las actividades en forma de lista. <br \/>&#8211;\u00a0\u00a0\u00a0 Busca por ciudad o filtra seg\u00fan el tipo. \u00a1Seguro que hay un evento para ti! <br \/>&#8211;\u00a0\u00a0\u00a0 Comparte tu historia y experiencia con #MuseumDay<\/p>\n<p>El 18 de mayo de 2015, celebremos todos juntos el DIM bajo el tema \u201cMuseos para una sociedad sostenible\u201d.  <\/p>\n<p>Cada d\u00eda, una serie de actividades ser\u00e1n compartidas en la p\u00e1gina de <b><a href=\"https:\/\/www.facebook.com\/internationalmuseumday\" target=\"_blank\">Facebook del D\u00eda Internacional de los Museos<\/a><\/b> y en la cuenta de <b><a href=\"https:\/\/twitter.com\/IcomOfficiel\" target=\"_blank\">Twitter del ICOM<\/a><\/b> tanto durante los preparativos del mismo como durante su celebraci\u00f3n. <\/p>\n<p>El ICOM cre\u00f3 el D\u00eda Internacional de los Museos en 1977 con el objetivo de sensibilizar a la opini\u00f3n p\u00fablica acerca del papel de los museos en el desarrollo de la sociedad y desde entonces ha conseguido cobrar impulso de forma continua. En 2014, el D\u00eda Internacional de los Museos cosech\u00f3 una cifra r\u00e9cord de participaci\u00f3n con m\u00e1s de 35000 museos que acogieron eventos en cerca de 145 pa\u00edses.  <\/p>\n<p>La plataforma de registro de eventos para el D\u00eda Internacional de los Museos est\u00e1 proporcionada por Semantika, uno de los principales proveedores de soluciones inform\u00e1ticas para el sector del patrimonio cultural, con un excelente historial de innovaci\u00f3n, un dise\u00f1o inteligente y el desarrollo de colaboraciones estrat\u00e9gicas. En Semantika son expertos en el desarrollo e implantaci\u00f3n de aplicaciones para p\u00e1ginas web y m\u00f3viles entre las que se incluyen Museums.EU y Museu.ms, que facilitan el acceso al patrimonio cultural para el p\u00fablico general.  <\/p>\n<p><b>\u00bfTen\u00e9is preguntas?<\/b> Escribid a <b><a href=\"mailto:imd@icom.museum\">imd@icom.museum<\/a><\/b> o poneos en contacto con nosotros a trav\u00e9s de <b><a href=\"https:\/\/twitter.com\/IcomOfficiel\" target=\"_blank\">Twitter<\/a><\/b> o <b><a href=\"https:\/\/www.facebook.com\/internationalmuseumday\" target=\"_blank\">Facebook<\/a><\/b>. <\/p>\n<p> \t\t<!--  Text: [end] --> \t\t\t   \t<!--  \t\tBEGIN: Content of extension \"hpo_relatedlink\", plugin \"tx_hporelatedlink_pi1\"  \t--> \t<\/p>\n<div> \t\t \t<\/div>\n<p> \t \t<!-- END: Content of extension \"hpo_relatedlink\", plugin \"tx_hporelatedlink_pi1\" -->  \t<\/div>\n<p> \t<!--  CONTENT ELEMENT, uid:15395\/text [end] --> \t\t<!--TYPO3SEARCH_end--> <\/div>\n","protected":false},"excerpt":{"rendered":"<p>Museos: \u00a1Compartid vuestras actividades para el D\u00eda Internacional de los Museos en un mapa! Gracias a una colaboraci\u00f3n entre el ICOM y Semantika, una plataforma simplificada e intuitiva, \u00a1los museos ya pueden registrarse y promocionar sus actividades y celebraciones para el D\u00eda Internacional de los Museos en un mapa interactivo! Para los museos: Promocionad vuestras [&hellip;]<\/p>\n","protected":false},"author":1,"featured_media":0,"parent":133,"menu_order":1,"comment_status":"closed","ping_status":"closed","template":"","meta":{"footnotes":""},"yst_prominent_words":[],"acf":[],"_links":{"self":[{"href":"https:\/\/imd2015.mini.icom.museum\/es\/wp-json\/wp\/v2\/pages\/1167"}],"collection":[{"href":"https:\/\/imd2015.mini.icom.museum\/es\/wp-json\/wp\/v2\/pages"}],"about":[{"href":"https:\/\/imd2015.mini.icom.museum\/es\/wp-json\/wp\/v2\/types\/page"}],"author":[{"embeddable":true,"href":"https:\/\/imd2015.mini.icom.museum\/es\/wp-json\/wp\/v2\/users\/1"}],"replies":[{"embeddable":true,"href":"https:\/\/imd2015.mini.icom.museum\/es\/wp-json\/wp\/v2\/comments?post=1167"}],"version-history":[{"count":1,"href":"https:\/\/imd2015.mini.icom.museum\/es\/wp-json\/wp\/v2\/pages\/1167\/revisions"}],"predecessor-version":[{"id":1451,"href":"https:\/\/imd2015.mini.icom.museum\/es\/wp-json\/wp\/v2\/pages\/1167\/revisions\/1451"}],"up":[{"embeddable":true,"href":"https:\/\/imd2015.mini.icom.museum\/es\/wp-json\/wp\/v2\/pages\/133"}],"wp:attachment":[{"href":"https:\/\/imd2015.mini.icom.museum\/es\/wp-json\/wp\/v2\/media?parent=1167"}],"wp:term":[{"taxonomy":"yst_prominent_words","embeddable":true,"href":"https:\/\/imd2015.mini.icom.museum\/es\/wp-json\/wp\/v2\/yst_prominent_words?post=1167"}],"curies":[{"name":"wp","href":"https:\/\/api.w.org\/{rel}","templated":true}]}}