{"id":1164,"date":"2019-01-08T01:41:40","date_gmt":"2019-01-08T01:41:40","guid":{"rendered":"http:\/\/imd2015.icom.cust.oxymium.net\/para-museos\/organizar-su-dim\/"},"modified":"2019-01-08T01:43:22","modified_gmt":"2019-01-08T01:43:22","slug":"organizar-su-dim","status":"publish","type":"page","link":"https:\/\/imd2015.mini.icom.museum\/es\/para-museos\/organizar-su-dim\/","title":{"rendered":"Organizar su DIM"},"content":{"rendered":"<div id=\"RTE_CONTENT\"> <!--TYPO3SEARCH_begin--> \t<!--  CONTENT ELEMENT, uid:13994\/text [begin] --> \t\t<\/p>\n<div id=\"c13994\"> \t\t<!--  Header: [begin] --> \t\t\t<\/p>\n<h2>El papel del museo<\/h2>\n<p> \t\t<!--  Header: [end] --> \t\t\t \t\t<!--  Text: [begin] --> \t\t\t<\/p>\n<p>\u00a1Le necesitamos para que el D\u00eda Internacional de los Museos est\u00e9 a la altura de sus aspiraciones!<\/p>\n<p>Usted es el embajador del D\u00eda Internacional de los Museos. Gracias a las actividades que usted organiza y a las s\u00f3lidas conexiones que los museos desarrollan con el p\u00fablico, este evento sigue siendo un \u00e9xito a\u00f1o tras a\u00f1o.<\/p>\n<p>M\u00e1s all\u00e1 del programa de actividades que usted organice, su participaci\u00f3n en el D\u00eda Internacional de los Museos es tambi\u00e9n una oportunidad para:<\/p>\n<ul>\n<li>Desarrollar asociaciones con colegios, asociaciones, otros museos, etc. para promover el evento como una ocasi\u00f3n de intercambio y colaboraci\u00f3n;<\/li>\n<li>Utilizar y difundir el material gr\u00e1fico creado para el evento y as\u00ed divulgar la informaci\u00f3n de manera m\u00e1s eficaz en todo el mundo; <\/li>\n<li>Divulgar la informaci\u00f3n sobre el D\u00eda Internacional de los Museos entre el p\u00fablico a trav\u00e9s de sus espacios en la Red (sitio web, redes sociales, etc.);<\/li>\n<li>Enviar un comunicado de prensa sobre el D\u00eda Internacional de los Museos u organizar una conferencia de prensa para garantizar la visibilidad de su museo y del evento;<\/li>\n<li>Conseguir visibilidad internacional de las actividades que organice antes y despu\u00e9s del evento compartiendo la informaci\u00f3n sobre sus actividades del D\u00eda Internacional de los Museos con la Secretar\u00eda del ICOM permiti\u00e9ndonos divulgar las noticias en toda nuestra red, en las redes sociales y en nuestro sitio web del evento. As\u00ed tambi\u00e9n enriquecemos el archivo de actividades del D\u00eda Internacional de los Museos con las celebraciones de cada a\u00f1o.<\/li>\n<\/ul>\n<p> <!--  Text: [end] --><!--  \t\tBEGIN: Content of extension \"hpo_relatedlink\", plugin \"tx_hporelatedlink_pi1\"  \t--><\/p>\n<div> \t\t \t<\/div>\n<p> \t \t<!-- END: Content of extension \"hpo_relatedlink\", plugin \"tx_hporelatedlink_pi1\" -->  \t<\/div>\n<p> \t<!--  CONTENT ELEMENT, uid:13994\/text [end] --> \t\t \t<!--  CONTENT ELEMENT, uid:13993\/text [begin] --> \t\t<\/p>\n<div id=\"c13993\"> \t\t<!--  Header: [begin] --> \t\t\t<\/p>\n<h2>Ocho pasos importantes<\/h2>\n<p> \t\t<!--  Header: [end] --> \t\t\t \t\t<!--  Text: [begin] --> \t\t\t<\/p>\n<hr>\n<p>El D\u00eda Internacional de los Museos atrae la atenci\u00f3n tanto del p\u00fablico en general como de profesionales de museos de todo el mundo. Esperamos que planifique sus propias actividades para la edici\u00f3n 2015 de este acontecimiento siguiendo los principios generales del D\u00eda Internacional de los Museos y que los ejemplos de actividades de anteriores ediciones del DIM, ya sean originales o convencionales, con presupuesto limitado o actividades generalistas, le sirvan de inspiraci\u00f3n para organizar sus propios preparativos.<\/p>\n<p>Le recomendamos seguir ocho pasos importantes: <\/p>\n<p>\u00a0<br \/><b>1.\u00a0\u00a0\u00a0 Dir\u00edjase a un p\u00fablico espec\u00edfico<\/b><br \/>\u00bfVisitantes habituales? \u00bfUn p\u00fablico nuevo? \u00bfPersonas socialmente desfavorecidas? \u00bfP\u00fablico espec\u00edfico: ni\u00f1os, adolescentes, ciudadanos mayores, personas con discapacidades, etc.? A continuaci\u00f3n usted encontrar\u00e1 ejemplos de actividades dirigidas a diferentes p\u00fablicos. <a href=\"http:\/\/imd2015.mini.icom.museum\/wp-content\/uploads\/sites\/52\/2019\/01\/IMD2015-2_Museos_kit_ESP.pdf\" title=\"IMD2015-2_Museos_kit_ESP.pdf (1.0 MB)\"><b>Kit museos <img decoding=\"async\" src=\"http:\/\/imd2015.mini.icom.museum\/wp-content\/uploads\/sites\/52\/2019\/01\/RTEmagicC_pdf_6902dc.gif.gif\" alt=\"\"><br \/><\/b><\/a><br \/><b>2.\u00a0\u00a0\u00a0 Defina sus objetivos<\/b><br \/>\u00bfLlegar a un p\u00fablico nuevo? \u00bfAtraer a visitantes diversos? \u00bfMejorar la visibilidad del museo? \u00bfPoner de relieve la participaci\u00f3n del museo en la comunidad muse\u00edstica? \u00bfSer escuchado por las autoridades p\u00fablicas? \u00bfDarse a conocer a los potenciales socios?<\/p>\n<p><b>3.\u00a0\u00a0\u00a0 Posicione su museo<\/b><br \/>Los objetivos que marque tambi\u00e9n pueden estar relacionados con la posici\u00f3n de su museo. El D\u00eda Internacional de los Museos ayuda a mostrar la importancia de los museos en la sociedad y a poner de relieve sus diferentes facetas. Debe por ello encontrar la posici\u00f3n que mejor se adapte a su instituci\u00f3n: \u00bfes un museo innovador?, \u00bfun museo que presta atenci\u00f3n a las problem\u00e1ticas de la sociedad?, \u00bfun museo din\u00e1mico?, \u00bfun museo cercano a su p\u00fablico?, \u00bfun museo que genera turismo?<\/p>\n<p><b>4.\u00a0\u00a0\u00a0 Cree asociaciones institucionales y patrocinios<\/b><br \/>El D\u00eda Internacional de los Museos es una oportunidad para establecer asociaciones, tanto a nivel local, como nacional o internacional, relacionadas con las colecciones, la mediaci\u00f3n o la financiaci\u00f3n. Las colaboraciones pueden ser con otros profesionales de museos, con otros museos, asociaciones, empresas, etc.<br \/>\u00a0\u00a0\u00a0 <br \/><b>5.\u00a0\u00a0\u00a0 Desarrolle un presupuesto preciso<\/b><br \/>El D\u00eda Internacional de los Museos est\u00e1 dise\u00f1ado tanto para grandes estructuras como para instituciones peque\u00f1as. Los recursos humanos y financieros destinados al evento depender\u00e1n tambi\u00e9n de la visibilidad que desee dar al evento.<\/p>\n<p><b>6.\u00a0\u00a0\u00a0 Cree un programa inesperado<\/b><br \/>A continuaci\u00f3n le ofrecemos algunas ideas con ejemplos de actividades que han tenido \u00e9xito en anteriores ediciones del D\u00eda Internacional de los Museos. \u00a1La clave del \u00e9xito est\u00e1 en organizar un programa de actividades inesperado!<\/p>\n<p><b>7.\u00a0\u00a0\u00a0 Desarrolle una estrategia de comunicaci\u00f3n y promoci\u00f3n<\/b><br \/>Hemos desarrollado un kit de herramientas de comunicaci\u00f3n para ayudarle a implementar su estrategia. El ICOM y su red tambi\u00e9n pueden ser uno de sus canales de comunicaci\u00f3n.<\/p>\n<p><b>8.\u00a0\u00a0\u00a0 Haga un an\u00e1lisis posterior del evento<\/b><br \/>Es importante analizar el \u00e9xito de su D\u00eda Internacional de los Museos y la repercusi\u00f3n que haya tenido. Para ello deber\u00e1 definir los criterios de \u00e9xito en funci\u00f3n de los objetivos. Algunos ejemplos que indican si los resultados han sido buenos son: la asistencia, la creaci\u00f3n de asociaciones s\u00f3lidas y el n\u00famero de medios de comunicaci\u00f3n que hayan divulgado\u00a0 informaci\u00f3n sobre el evento.<br \/>\u00a0<\/p>\n<div><\/div>\n<p> \t\t<!--  Text: [end] --> \t\t\t   \t<!--  \t\tBEGIN: Content of extension \"hpo_relatedlink\", plugin \"tx_hporelatedlink_pi1\"  \t--> \t<\/p>\n<div> \t\t \t<\/div>\n<p> \t \t<!-- END: Content of extension \"hpo_relatedlink\", plugin \"tx_hporelatedlink_pi1\" -->  \t<\/div>\n<p> \t<!--  CONTENT ELEMENT, uid:13993\/text [end] --> \t\t \t<!--  CONTENT ELEMENT, uid:13995\/text [begin] --> \t\t<\/p>\n<div id=\"c13995\"> \t\t<!--  Header: [begin] --> \t\t\t<\/p>\n<h2>Elaborar el programa de actividades<\/h2>\n<p> \t\t<!--  Header: [end] --> \t\t\t \t\t<!--  Text: [begin] --> \t\t\t<\/p>\n<hr>\n<p>El D\u00eda Internacional de los Museos es una ocasi\u00f3n para rendir homenaje al p\u00fablico de los museos y proponer una gran variedad de actividades especiales en funci\u00f3n del p\u00fablico al que se quiera llegar. <\/p>\n<p>Lo ideal ser\u00eda definir su programa de actividades en torno al tema propuesto para el D\u00eda Internacional de los Museos del a\u00f1o 2015: <b>Museos para una sociedad sostenible<\/b>. Ejemplos de actividades para el p\u00fablico en general <img decoding=\"async\" src=\"http:\/\/imd2015.mini.icom.museum\/wp-content\/uploads\/sites\/52\/2019\/01\/RTEmagicC_pdf_txdam11730_70c5b7.gif.gif\" alt=\"\"><\/p>\n<p> \t\t<!--  Text: [end] --> \t\t\t   \t<!--  \t\tBEGIN: Content of extension \"hpo_relatedlink\", plugin \"tx_hporelatedlink_pi1\"  \t--> \t<\/p>\n<div> \t\t \t<\/div>\n<p> \t \t<!-- END: Content of extension \"hpo_relatedlink\", plugin \"tx_hporelatedlink_pi1\" -->  \t<\/div>\n<p> \t<!--  CONTENT ELEMENT, uid:13995\/text [end] --> \t\t \t<!--  CONTENT ELEMENT, uid:13998\/text [begin] --> \t\t<\/p>\n<div id=\"c13998\"> \t\t<!--  Header: [begin] --> \t\t\t<\/p>\n<h2>Herramientas de comunicaci\u00f3n a su disposici\u00f3n<\/h2>\n<p> \t\t<!--  Header: [end] --> \t\t\t \t\t<!--  Text: [begin] --> \t\t\t<\/p>\n<div>\n<hr>\n<p>Cartel oficial y sus variaciones (postales y banner publicitario para la web)<\/p>\n<p>Cada a\u00f1o el ICOM crea un cartel para el D\u00eda Internacional de los Museos, adem\u00e1s de una postal y un banner publicitario para la web, que reflejan el tema del a\u00f1o y permiten a los museos participantes ilustrar el tema y atraer a visitantes con un dise\u00f1o atractivo.<\/p>\n<p>Puede descargar el cartel del DIM, la postal y el banner publicitario para la web en el sitio web del D\u00eda Internacional de los Museos en la siguiente direcci\u00f3n: <a href=\"http:\/\/imd2015.icom.cust.oxymium.net\/es\/dim-2015\/el-cartel\/\" title=\"Abre el enlace interno en la ventana actual\">El cartel<\/a><\/p>\n<p>En 2014, gracias a usted, el cartel estuvo disponible en 32 idiomas diferentes. Este a\u00f1o, gracias a la ayuda de los comit\u00e9s del ICOM, le ofreceremos el cartel del DIM 2015 y las herramientas adicionales en el o los idiomas de su pa\u00eds.<\/p>\n<p>Si desea usted utilizar el cartel en un idioma que no est\u00e9 disponible, no dude en ponerse en contacto con su <a href=\"http:\/\/icom.museum\/los-comites\/comites-nacionales\/L\/1\/\" target=\"_blank\">Comit\u00e9 Nacional del ICOM<\/a>.<\/p>\n<p>Le proponemos una versi\u00f3n del cartel con un espacio en blanco en la parte inferior izquierda donde podr\u00e1 insertar f\u00e1cilmente informaci\u00f3n sobre su museo, sus socios o las actividades organizadas. Sin embargo, los logotipos oficiales no se pueden suprimir. Puede tambi\u00e9n enviar un correo electr\u00f3nico a <a href=\"mailto:imd@icom.museum\">imd@icom.museum<\/a> para obtener una versi\u00f3n <i>InDesign <\/i>si desea modificar el formato del cartel.<\/p>\n<p>Le invitamos a imprimir y exponer el cartel en su museo durante el D\u00eda Internacional de los Museos. Tambi\u00e9n puede adaptar esta imagen de muchas maneras y en el medio que usted quiera. <b>Advertencia: esta imagen no se puede emplear para fines comerciales.<\/b><\/p>\n<p>Con el objetivo de conservar sus creaciones y difundirlas, le agradecer\u00edamos que nos enviara cualquier dise\u00f1o modificado de la imagen del D\u00eda Internacional de los Museos del a\u00f1o 2015.<\/p>\n<\/p><\/div>\n<div><\/div>\n<p> \t\t<!--  Text: [end] --> \t\t\t   \t<!--  \t\tBEGIN: Content of extension \"hpo_relatedlink\", plugin \"tx_hporelatedlink_pi1\"  \t--> \t<\/p>\n<div> \t\t \t<\/div>\n<p> \t \t<!-- END: Content of extension \"hpo_relatedlink\", plugin \"tx_hporelatedlink_pi1\" -->  \t<\/div>\n<p> \t<!--  CONTENT ELEMENT, uid:13998\/text [end] --> \t\t \t<!--  CONTENT ELEMENT, uid:14005\/text [begin] --> \t\t<\/p>\n<div id=\"c14005\"> \t\t<!--  Header: [begin] --> \t\t\t<\/p>\n<h2>Encontrar patrocinadores<\/h2>\n<p> \t\t<!--  Header: [end] --> \t\t\t \t\t<!--  Text: [begin] --> \t\t\t<\/p>\n<div>\n<hr>\n<p><b>Puede buscar tres tipos de ayuda:<\/b><\/p>\n<ul>\n<li>\u00a0\u00a0\u00a0\u00a0 Apoyo financiero: ayuda financiera para el funcionamiento cotidiano de una estructura o para un evento especial como el D\u00eda Internacional de los Museos. Esta ayuda puede proceder de empresas privadas o de administraciones p\u00fablicas.<\/li>\n<li>\u00a0\u00a0\u00a0\u00a0 Patrocinio en especie: una empresa puede ofrecerle productos para su evento, para un c\u00f3ctel, por ejemplo, o puede imprimir o divulgar los folletos de su evento gratuitamente.<\/li>\n<li>\u00a0\u00a0\u00a0\u00a0 Mecenazgo de competencias: una empresa le puede ofrecer contar con una parte de su personal sin ning\u00fan coste, como por ejemplo, su departamento de comunicaci\u00f3n. Este tipo de patrocinio es cada d\u00eda m\u00e1s frecuente, sobre todo para programas educativos.<\/li>\n<\/ul>\n<p><b>Para dar visibilidad a sus socios, puede ofrecerles:<br \/><\/b><\/p>\n<ul>\n<li>\u00a0\u00a0\u00a0\u00a0 Integrar su logotipo en todas las herramientas de comunicaci\u00f3n creadas para el acontecimiento, especialmente en el cartel.<\/li>\n<li>\u00a0\u00a0\u00a0\u00a0 Insertar informaci\u00f3n sobre el socio en el informe y los comunicados de prensa.<\/li>\n<li>\u00a0\u00a0\u00a0\u00a0 Organizar el lanzamiento del D\u00eda Internacional de los Museos junto con sus socios.<\/li>\n<li>\u00a0\u00a0\u00a0\u00a0 Invitarles a participar en su programa de actividades o a difundir documentaci\u00f3n durante los eventos del D\u00eda Internacional de los Museos que organice su museo.<\/li>\n<li>\u00a0\u00a0\u00a0\u00a0 Si tiene diferentes patrocinadores, puede organizar una recepci\u00f3n que facilite los contactos profesionales entre ellos;<\/li>\n<li>\u00a0\u00a0\u00a0\u00a0 Publicar anuncios de la empresa en alguno de sus canales de comunicaci\u00f3n.<\/li>\n<\/ul>\n<p><\/p>\n<\/p><\/div>\n<div><\/div>\n<p> \t\t<!--  Text: [end] --> \t\t\t   \t<!--  \t\tBEGIN: Content of extension \"hpo_relatedlink\", plugin \"tx_hporelatedlink_pi1\"  \t--> \t<\/p>\n<div> \t\t \t<\/div>\n<p> \t \t<!-- END: Content of extension \"hpo_relatedlink\", plugin \"tx_hporelatedlink_pi1\" -->  \t<\/div>\n<p> \t<!--  CONTENT ELEMENT, uid:14005\/text [end] --> \t\t<!--TYPO3SEARCH_end--> <\/div>\n","protected":false},"excerpt":{"rendered":"<p>El papel del museo \u00a1Le necesitamos para que el D\u00eda Internacional de los Museos est\u00e9 a la altura de sus aspiraciones! Usted es el embajador del D\u00eda Internacional de los Museos. Gracias a las actividades que usted organiza y a las s\u00f3lidas conexiones que los museos desarrollan con el p\u00fablico, este evento sigue siendo un [&hellip;]<\/p>\n","protected":false},"author":1,"featured_media":0,"parent":133,"menu_order":0,"comment_status":"closed","ping_status":"closed","template":"","meta":{"footnotes":""},"yst_prominent_words":[],"acf":[],"_links":{"self":[{"href":"https:\/\/imd2015.mini.icom.museum\/es\/wp-json\/wp\/v2\/pages\/1164"}],"collection":[{"href":"https:\/\/imd2015.mini.icom.museum\/es\/wp-json\/wp\/v2\/pages"}],"about":[{"href":"https:\/\/imd2015.mini.icom.museum\/es\/wp-json\/wp\/v2\/types\/page"}],"author":[{"embeddable":true,"href":"https:\/\/imd2015.mini.icom.museum\/es\/wp-json\/wp\/v2\/users\/1"}],"replies":[{"embeddable":true,"href":"https:\/\/imd2015.mini.icom.museum\/es\/wp-json\/wp\/v2\/comments?post=1164"}],"version-history":[{"count":1,"href":"https:\/\/imd2015.mini.icom.museum\/es\/wp-json\/wp\/v2\/pages\/1164\/revisions"}],"predecessor-version":[{"id":1452,"href":"https:\/\/imd2015.mini.icom.museum\/es\/wp-json\/wp\/v2\/pages\/1164\/revisions\/1452"}],"up":[{"embeddable":true,"href":"https:\/\/imd2015.mini.icom.museum\/es\/wp-json\/wp\/v2\/pages\/133"}],"wp:attachment":[{"href":"https:\/\/imd2015.mini.icom.museum\/es\/wp-json\/wp\/v2\/media?parent=1164"}],"wp:term":[{"taxonomy":"yst_prominent_words","embeddable":true,"href":"https:\/\/imd2015.mini.icom.museum\/es\/wp-json\/wp\/v2\/yst_prominent_words?post=1164"}],"curies":[{"name":"wp","href":"https:\/\/api.w.org\/{rel}","templated":true}]}}