{"id":1131,"date":"2019-01-08T01:41:29","date_gmt":"2019-01-08T01:41:29","guid":{"rendered":"http:\/\/imd2015.icom.cust.oxymium.net\/el-dim-contigo\/el-dim-en-las-redes-sociales\/"},"modified":"2019-01-08T01:43:22","modified_gmt":"2019-01-08T01:43:22","slug":"el-dim-en-las-redes-sociales","status":"publish","type":"page","link":"https:\/\/imd2015.mini.icom.museum\/es\/el-dim-contigo\/el-dim-en-las-redes-sociales\/","title":{"rendered":"El DIM en las redes sociales"},"content":{"rendered":"<div id=\"RTE_CONTENT\"> <!--TYPO3SEARCH_begin--> \t<!--  CONTENT ELEMENT, uid:14040\/text [begin] --> \t\t<\/p>\n<div id=\"c14040\"> \t\t<!--  Header: [begin] --> \t\t\t<\/p>\n<h2>Siga la DIM en las redes sociales<\/h2>\n<p> \t\t<!--  Header: [end] --> \t\t\t \t\t<!--  Text: [begin] --> \t\t\t<\/p>\n<p><b><a href=\"https:\/\/www.facebook.com\/internationalmuseumday?ref=hl\" title=\"Abre el enlace externo en una ventana nueva\" target=\"_blank\">Ser fan en la p\u00e1gina Facebook<\/a><\/b> <\/p>\n<p>Siendo fan, recibir\u00e1 las actualizaciones y la programaci\u00f3n de los eventos en tiempo real. \u00bfUna informaci\u00f3n important\u00edsima? \u00a0\u00a1Los fans de la p\u00e1gina reciben la informaci\u00f3n autom\u00e1ticamente! <\/p>\n<p>\u00a0<\/p>\n<p><b><a href=\"https:\/\/twitter.com\/IcomOfficiel\/timelines\/451343459744350209\" target=\"_blank\">Localizar el hashtag del DIM en Twitter<\/a><\/b> <\/p>\n<p>Muchos museos participantes tienen una cuenta Twitter y comunican en tiempo real sobre sus novedades en relaci\u00f3n con el evento. Podr\u00e1 localizarlos gracias al hashtag (palabra clave) del DIM :\u00a0#MuseumDay<\/p>\n<div><\/div>\n<p> \t\t<!--  Text: [end] --> \t\t\t   \t<!--  \t\tBEGIN: Content of extension \"hpo_relatedlink\", plugin \"tx_hporelatedlink_pi1\"  \t--> \t<\/p>\n<div> \t\t \t<\/div>\n<p> \t \t<!-- END: Content of extension \"hpo_relatedlink\", plugin \"tx_hporelatedlink_pi1\" -->  \t<\/div>\n<p> \t<!--  CONTENT ELEMENT, uid:14040\/text [end] --> \t\t<!--TYPO3SEARCH_end--> <\/div>\n","protected":false},"excerpt":{"rendered":"<p>Siga la DIM en las redes sociales Ser fan en la p\u00e1gina Facebook Siendo fan, recibir\u00e1 las actualizaciones y la programaci\u00f3n de los eventos en tiempo real. \u00bfUna informaci\u00f3n important\u00edsima? \u00a0\u00a1Los fans de la p\u00e1gina reciben la informaci\u00f3n autom\u00e1ticamente! \u00a0 Localizar el hashtag del DIM en Twitter Muchos museos participantes tienen una cuenta Twitter y [&hellip;]<\/p>\n","protected":false},"author":1,"featured_media":0,"parent":131,"menu_order":1,"comment_status":"closed","ping_status":"closed","template":"","meta":{"footnotes":""},"yst_prominent_words":[],"acf":[],"_links":{"self":[{"href":"https:\/\/imd2015.mini.icom.museum\/es\/wp-json\/wp\/v2\/pages\/1131"}],"collection":[{"href":"https:\/\/imd2015.mini.icom.museum\/es\/wp-json\/wp\/v2\/pages"}],"about":[{"href":"https:\/\/imd2015.mini.icom.museum\/es\/wp-json\/wp\/v2\/types\/page"}],"author":[{"embeddable":true,"href":"https:\/\/imd2015.mini.icom.museum\/es\/wp-json\/wp\/v2\/users\/1"}],"replies":[{"embeddable":true,"href":"https:\/\/imd2015.mini.icom.museum\/es\/wp-json\/wp\/v2\/comments?post=1131"}],"version-history":[{"count":1,"href":"https:\/\/imd2015.mini.icom.museum\/es\/wp-json\/wp\/v2\/pages\/1131\/revisions"}],"predecessor-version":[{"id":1453,"href":"https:\/\/imd2015.mini.icom.museum\/es\/wp-json\/wp\/v2\/pages\/1131\/revisions\/1453"}],"up":[{"embeddable":true,"href":"https:\/\/imd2015.mini.icom.museum\/es\/wp-json\/wp\/v2\/pages\/131"}],"wp:attachment":[{"href":"https:\/\/imd2015.mini.icom.museum\/es\/wp-json\/wp\/v2\/media?parent=1131"}],"wp:term":[{"taxonomy":"yst_prominent_words","embeddable":true,"href":"https:\/\/imd2015.mini.icom.museum\/es\/wp-json\/wp\/v2\/yst_prominent_words?post=1131"}],"curies":[{"name":"wp","href":"https:\/\/api.w.org\/{rel}","templated":true}]}}