{"id":1125,"date":"2019-01-08T01:41:20","date_gmt":"2019-01-08T01:41:20","guid":{"rendered":"http:\/\/imd2015.icom.cust.oxymium.net\/dim-2015\/discurso-del-presidente\/"},"modified":"2019-01-08T01:43:23","modified_gmt":"2019-01-08T01:43:23","slug":"discurso-del-presidente","status":"publish","type":"page","link":"https:\/\/imd2015.mini.icom.museum\/es\/dim-2015\/discurso-del-presidente\/","title":{"rendered":"Discurso del presidente"},"content":{"rendered":"<div id=\"RTE_CONTENT\"> <!--TYPO3SEARCH_begin--> \t<!--  CONTENT ELEMENT, uid:13979\/textpic [begin] --> \t\t<\/p>\n<div id=\"c13979\"> \t\t<!--  Image block: [begin] --> \t\t\t<\/p>\n<div>\n<div><img decoding=\"async\" src=\"http:\/\/imd2015.mini.icom.museum\/wp-content\/uploads\/sites\/52\/2019\/01\/Hans-Martin_Hinz_01.jpg\" alt=\"\"><\/div>\n<div> \t\t<!--  Text: [begin] --> \t\t\t<\/p>\n<p>Los museos, en cuanto que educadores y mediadores culturales, est\u00e1n adoptando un papel cada vez m\u00e1s vital a la hora de contribuir a la definici\u00f3n e implementaci\u00f3n de un desarrollo y unas pr\u00e1cticas sostenibles. Los museos deben ser capaces de garantizar su funci\u00f3n de salvaguardar el patrimonio cultural, pues es posible que aumente la precariedad de los ecosistemas, las situaciones de inestabilidad pol\u00edtica y los retos asociados a todo ello, ya sean naturales o causados por el hombre. La labor que realizan los museos, a trav\u00e9s de la educaci\u00f3n y las exposiciones, por ejemplo, debe ir dirigida a crear una sociedad sostenible.  <\/p>\n<p>Tenemos que hacer todo aquello que est\u00e9 en nuestras manos para garantizar que los museos sean parte del principal motor cultural del desarrollo sostenible del mundo.<\/p>\n<p>&#8211; Prof. Dr. Hans-Martin Hinz, Presidente del ICOM<\/p>\n<div><\/div>\n<p> \t\t<!--  Text: [end] --> \t\t\t<\/div>\n<\/p><\/div>\n<div><!-- --><\/div>\n<p> \t\t<!--  Image block: [end] --> \t\t\t   \t<!--  \t\tBEGIN: Content of extension \"hpo_relatedlink\", plugin \"tx_hporelatedlink_pi1\"  \t--> \t<\/p>\n<div> \t\t \t<\/div>\n<p> \t \t<!-- END: Content of extension \"hpo_relatedlink\", plugin \"tx_hporelatedlink_pi1\" -->  \t<\/div>\n<p> \t<!--  CONTENT ELEMENT, uid:13979\/textpic [end] --> \t\t<!--TYPO3SEARCH_end--> <\/div>\n","protected":false},"excerpt":{"rendered":"<p>Los museos, en cuanto que educadores y mediadores culturales, est\u00e1n adoptando un papel cada vez m\u00e1s vital a la hora de contribuir a la definici\u00f3n e implementaci\u00f3n de un desarrollo y unas pr\u00e1cticas sostenibles. Los museos deben ser capaces de garantizar su funci\u00f3n de salvaguardar el patrimonio cultural, pues es posible que aumente la precariedad [&hellip;]<\/p>\n","protected":false},"author":1,"featured_media":0,"parent":128,"menu_order":2,"comment_status":"closed","ping_status":"closed","template":"","meta":{"footnotes":""},"yst_prominent_words":[],"acf":[],"_links":{"self":[{"href":"https:\/\/imd2015.mini.icom.museum\/es\/wp-json\/wp\/v2\/pages\/1125"}],"collection":[{"href":"https:\/\/imd2015.mini.icom.museum\/es\/wp-json\/wp\/v2\/pages"}],"about":[{"href":"https:\/\/imd2015.mini.icom.museum\/es\/wp-json\/wp\/v2\/types\/page"}],"author":[{"embeddable":true,"href":"https:\/\/imd2015.mini.icom.museum\/es\/wp-json\/wp\/v2\/users\/1"}],"replies":[{"embeddable":true,"href":"https:\/\/imd2015.mini.icom.museum\/es\/wp-json\/wp\/v2\/comments?post=1125"}],"version-history":[{"count":1,"href":"https:\/\/imd2015.mini.icom.museum\/es\/wp-json\/wp\/v2\/pages\/1125\/revisions"}],"predecessor-version":[{"id":1455,"href":"https:\/\/imd2015.mini.icom.museum\/es\/wp-json\/wp\/v2\/pages\/1125\/revisions\/1455"}],"up":[{"embeddable":true,"href":"https:\/\/imd2015.mini.icom.museum\/es\/wp-json\/wp\/v2\/pages\/128"}],"wp:attachment":[{"href":"https:\/\/imd2015.mini.icom.museum\/es\/wp-json\/wp\/v2\/media?parent=1125"}],"wp:term":[{"taxonomy":"yst_prominent_words","embeddable":true,"href":"https:\/\/imd2015.mini.icom.museum\/es\/wp-json\/wp\/v2\/yst_prominent_words?post=1125"}],"curies":[{"name":"wp","href":"https:\/\/api.w.org\/{rel}","templated":true}]}}